{"id":666,"date":"2020-12-22T00:10:52","date_gmt":"2020-12-21T23:10:52","guid":{"rendered":"http:\/\/dietzl.uber.space\/home\/?page_id=666"},"modified":"2023-03-02T00:27:59","modified_gmt":"2023-03-01T23:27:59","slug":"home","status":"publish","type":"page","link":"https:\/\/weingut-dietzl.at\/home\/en\/","title":{"rendered":"Home"},"content":{"rendered":"<div data-elementor-type=\"wp-page\" data-elementor-id=\"666\" class=\"elementor elementor-666\">\n\t\t\t\t\t\t<section class=\"elementor-section elementor-top-section elementor-element elementor-element-7004a30 elementor-section-boxed elementor-section-height-default elementor-section-height-default\" data-id=\"7004a30\" data-element_type=\"section\" data-e-type=\"section\" data-settings=\"{&quot;background_background&quot;:&quot;classic&quot;}\">\n\t\t\t\t\t\t<div class=\"elementor-container elementor-column-gap-default\">\n\t\t\t\t\t<div class=\"elementor-column elementor-col-100 elementor-top-column elementor-element elementor-element-7897e71\" data-id=\"7897e71\" data-element_type=\"column\" data-e-type=\"column\" data-settings=\"{&quot;background_background&quot;:&quot;classic&quot;}\">\n\t\t\t<div class=\"elementor-widget-wrap elementor-element-populated\">\n\t\t\t\t\t\t<div class=\"elementor-element elementor-element-958edfd e-grid-align-right elementor-shape-rounded elementor-grid-0 elementor-widget elementor-widget-social-icons\" data-id=\"958edfd\" data-element_type=\"widget\" data-e-type=\"widget\" data-widget_type=\"social-icons.default\">\n\t\t\t\t<div class=\"elementor-widget-container\">\n\t\t\t\t\t\t\t<div class=\"elementor-social-icons-wrapper elementor-grid\">\n\t\t\t\t\t\t\t<span class=\"elementor-grid-item\">\n\t\t\t\t\t<a class=\"elementor-icon elementor-social-icon elementor-social-icon-facebook elementor-repeater-item-965de07\" href=\"https:\/\/www.facebook.com\/weingutdietzl\" target=\"_blank\">\n\t\t\t\t\t\t<span class=\"elementor-screen-only\">Facebook<\/span>\n\t\t\t\t\t\t<i aria-hidden=\"true\" class=\"fab fa-facebook\"><\/i>\t\t\t\t\t<\/a>\n\t\t\t\t<\/span>\n\t\t\t\t\t<\/div>\n\t\t\t\t\t\t<\/div>\n\t\t\t\t<\/div>\n\t\t\t\t\t<\/div>\n\t\t<\/div>\n\t\t\t\t\t<\/div>\n\t\t<\/section>\n\t\t\t\t<section class=\"elementor-section elementor-top-section elementor-element elementor-element-ef62594 elementor-section-boxed elementor-section-height-default elementor-section-height-default\" data-id=\"ef62594\" data-element_type=\"section\" data-e-type=\"section\" data-settings=\"{&quot;background_background&quot;:&quot;classic&quot;}\">\n\t\t\t\t\t\t\t<div class=\"elementor-background-overlay\"><\/div>\n\t\t\t\t\t\t\t<div class=\"elementor-container elementor-column-gap-default\">\n\t\t\t\t\t<div class=\"elementor-column elementor-col-100 elementor-top-column elementor-element elementor-element-802c60f\" data-id=\"802c60f\" data-element_type=\"column\" data-e-type=\"column\" data-settings=\"{&quot;background_background&quot;:&quot;classic&quot;}\">\n\t\t\t<div class=\"elementor-widget-wrap elementor-element-populated\">\n\t\t\t\t\t\t<div class=\"elementor-element elementor-element-db05534 elementor-widget elementor-widget-image\" data-id=\"db05534\" data-element_type=\"widget\" data-e-type=\"widget\" data-widget_type=\"image.default\">\n\t\t\t\t<div class=\"elementor-widget-container\">\n\t\t\t\t\t\t\t\t\t\t\t\t\t\t\t\t<a href=\"\/home\/en\/\">\n\t\t\t\t\t\t\t<img decoding=\"async\" width=\"165\" height=\"300\" src=\"https:\/\/weingut-dietzl.at\/home\/wp-content\/uploads\/2020\/12\/WDLogo_Blue-165x300.jpg\" class=\"attachment-medium size-medium wp-image-682\" alt=\"\" srcset=\"https:\/\/weingut-dietzl.at\/home\/wp-content\/uploads\/2020\/12\/WDLogo_Blue-165x300.jpg 165w, https:\/\/weingut-dietzl.at\/home\/wp-content\/uploads\/2020\/12\/WDLogo_Blue.jpg 350w\" sizes=\"(max-width: 165px) 100vw, 165px\" \/>\t\t\t\t\t\t\t\t<\/a>\n\t\t\t\t\t\t\t\t\t\t\t\t\t\t\t<\/div>\n\t\t\t\t<\/div>\n\t\t\t\t<div class=\"elementor-element elementor-element-84c29c3 elementor-widget elementor-widget-text-editor\" data-id=\"84c29c3\" data-element_type=\"widget\" data-e-type=\"widget\" data-widget_type=\"text-editor.default\">\n\t\t\t\t<div class=\"elementor-widget-container\">\n\t\t\t\t\t\t\t\t\t<p>Our winery is located in north-eastern Austria, more precisely in Sierndorf an der March, in the northern Weinviertel near the March floodplanes, where the Celts once grew their wine.\nOur wines can be enjoyed alongside traditional Austrian cuisine at our 'Heurigen', which is located in a beautiful old arcaded courtyard in nearby Niederabsdorf.<\/p>\t\t\t\t\t\t\t\t<\/div>\n\t\t\t\t<\/div>\n\t\t\t\t\t<\/div>\n\t\t<\/div>\n\t\t\t\t\t<\/div>\n\t\t<\/section>\n\t\t\t\t<section class=\"elementor-section elementor-top-section elementor-element elementor-element-85eb18e elementor-section-boxed elementor-section-height-default elementor-section-height-default\" data-id=\"85eb18e\" data-element_type=\"section\" data-e-type=\"section\" data-settings=\"{&quot;background_background&quot;:&quot;classic&quot;}\">\n\t\t\t\t\t\t<div class=\"elementor-container elementor-column-gap-default\">\n\t\t\t\t\t<div class=\"elementor-column elementor-col-50 elementor-top-column elementor-element elementor-element-f51d468\" data-id=\"f51d468\" data-element_type=\"column\" data-e-type=\"column\">\n\t\t\t<div class=\"elementor-widget-wrap elementor-element-populated\">\n\t\t\t\t\t\t<div class=\"elementor-element elementor-element-15988fd elementor-widget elementor-widget-image\" data-id=\"15988fd\" data-element_type=\"widget\" data-e-type=\"widget\" data-widget_type=\"image.default\">\n\t\t\t\t<div class=\"elementor-widget-container\">\n\t\t\t\t\t\t\t\t\t\t\t\t\t\t\t<img fetchpriority=\"high\" decoding=\"async\" width=\"500\" height=\"667\" src=\"https:\/\/weingut-dietzl.at\/home\/wp-content\/uploads\/2020\/12\/altgebirge.jpg\" class=\"attachment-large size-large wp-image-949\" alt=\"\" srcset=\"https:\/\/weingut-dietzl.at\/home\/wp-content\/uploads\/2020\/12\/altgebirge.jpg 500w, https:\/\/weingut-dietzl.at\/home\/wp-content\/uploads\/2020\/12\/altgebirge-225x300.jpg 225w\" sizes=\"(max-width: 500px) 100vw, 500px\" \/>\t\t\t\t\t\t\t\t\t\t\t\t\t\t\t<\/div>\n\t\t\t\t<\/div>\n\t\t\t\t\t<\/div>\n\t\t<\/div>\n\t\t\t\t<div class=\"elementor-column elementor-col-50 elementor-top-column elementor-element elementor-element-050b050\" data-id=\"050b050\" data-element_type=\"column\" data-e-type=\"column\">\n\t\t\t<div class=\"elementor-widget-wrap elementor-element-populated\">\n\t\t\t\t\t\t<section class=\"elementor-section elementor-inner-section elementor-element elementor-element-c203127 animated-slow elementor-section-boxed elementor-section-height-default elementor-section-height-default elementor-invisible\" data-id=\"c203127\" data-element_type=\"section\" data-e-type=\"section\" data-settings=\"{&quot;background_background&quot;:&quot;classic&quot;,&quot;animation&quot;:&quot;fadeInRight&quot;}\">\n\t\t\t\t\t\t\t<div class=\"elementor-background-overlay\"><\/div>\n\t\t\t\t\t\t\t<div class=\"elementor-container elementor-column-gap-default\">\n\t\t\t\t\t<div class=\"elementor-column elementor-col-100 elementor-inner-column elementor-element elementor-element-203b644\" data-id=\"203b644\" data-element_type=\"column\" data-e-type=\"column\">\n\t\t\t<div class=\"elementor-widget-wrap elementor-element-populated\">\n\t\t\t\t\t\t<div class=\"elementor-element elementor-element-ab6bbb3 elementor-widget elementor-widget-heading\" data-id=\"ab6bbb3\" data-element_type=\"widget\" data-e-type=\"widget\" data-widget_type=\"heading.default\">\n\t\t\t\t<div class=\"elementor-widget-container\">\n\t\t\t\t\t<h1 class=\"elementor-heading-title elementor-size-default\">The winery<\/h1>\t\t\t\t<\/div>\n\t\t\t\t<\/div>\n\t\t\t\t<div class=\"elementor-element elementor-element-764660d elementor-widget elementor-widget-text-editor\" data-id=\"764660d\" data-element_type=\"widget\" data-e-type=\"widget\" data-widget_type=\"text-editor.default\">\n\t\t\t\t<div class=\"elementor-widget-container\">\n\t\t\t\t\t\t\t\t\t<p>We are a family business specializing in the production and marketing of high quality wines with a comparatively low production volume. Our vineyards are located in the Sierndorfer Altgebirge and in the Niederabsdorfer Alte Ried (in Niederabsdorf is also our impressive arcaded courtyard, where we run our well-known Heurigen).<\/p>\t\t\t\t\t\t\t\t<\/div>\n\t\t\t\t<\/div>\n\t\t\t\t\t<\/div>\n\t\t<\/div>\n\t\t\t\t\t<\/div>\n\t\t<\/section>\n\t\t\t\t\t<\/div>\n\t\t<\/div>\n\t\t\t\t\t<\/div>\n\t\t<\/section>\n\t\t\t\t<section class=\"elementor-section elementor-top-section elementor-element elementor-element-db4cf69 elementor-section-boxed elementor-section-height-default elementor-section-height-default\" data-id=\"db4cf69\" data-element_type=\"section\" data-e-type=\"section\" data-settings=\"{&quot;background_background&quot;:&quot;classic&quot;}\">\n\t\t\t\t\t\t<div class=\"elementor-container elementor-column-gap-default\">\n\t\t\t\t\t<div class=\"elementor-column elementor-col-50 elementor-top-column elementor-element elementor-element-d34959b\" data-id=\"d34959b\" data-element_type=\"column\" data-e-type=\"column\">\n\t\t\t<div class=\"elementor-widget-wrap elementor-element-populated\">\n\t\t\t\t\t\t<section class=\"elementor-section elementor-inner-section elementor-element elementor-element-9a3fcfa animated-slow elementor-section-boxed elementor-section-height-default elementor-section-height-default elementor-invisible\" data-id=\"9a3fcfa\" data-element_type=\"section\" data-e-type=\"section\" data-settings=\"{&quot;background_background&quot;:&quot;classic&quot;,&quot;animation&quot;:&quot;fadeInLeft&quot;}\">\n\t\t\t\t\t\t\t<div class=\"elementor-background-overlay\"><\/div>\n\t\t\t\t\t\t\t<div class=\"elementor-container elementor-column-gap-default\">\n\t\t\t\t\t<div class=\"elementor-column elementor-col-100 elementor-inner-column elementor-element elementor-element-ac1342b\" data-id=\"ac1342b\" data-element_type=\"column\" data-e-type=\"column\">\n\t\t\t<div class=\"elementor-widget-wrap elementor-element-populated\">\n\t\t\t\t\t\t<div class=\"elementor-element elementor-element-4ae1abc elementor-widget elementor-widget-heading\" data-id=\"4ae1abc\" data-element_type=\"widget\" data-e-type=\"widget\" data-widget_type=\"heading.default\">\n\t\t\t\t<div class=\"elementor-widget-container\">\n\t\t\t\t\t<h1 class=\"elementor-heading-title elementor-size-default\">Wine<\/h1>\t\t\t\t<\/div>\n\t\t\t\t<\/div>\n\t\t\t\t<div class=\"elementor-element elementor-element-42d6367 elementor-widget elementor-widget-text-editor\" data-id=\"42d6367\" data-element_type=\"widget\" data-e-type=\"widget\" data-widget_type=\"text-editor.default\">\n\t\t\t\t<div class=\"elementor-widget-container\">\n\t\t\t\t\t\t\t\t\t<p>... means for us tradition and pride in an ancient wine culture, handed down over many generations. But wine also means ambition and economic commitment. First and foremost, however, wine stands for respect for nature and the joy of defying unknown challenges year after year and being able to accompany a new, unique vintage from the vineyard to the glass.<\/p>\t\t\t\t\t\t\t\t<\/div>\n\t\t\t\t<\/div>\n\t\t\t\t\t<\/div>\n\t\t<\/div>\n\t\t\t\t\t<\/div>\n\t\t<\/section>\n\t\t\t\t\t<\/div>\n\t\t<\/div>\n\t\t\t\t<div class=\"elementor-column elementor-col-50 elementor-top-column elementor-element elementor-element-a9a15f7\" data-id=\"a9a15f7\" data-element_type=\"column\" data-e-type=\"column\">\n\t\t\t<div class=\"elementor-widget-wrap elementor-element-populated\">\n\t\t\t\t\t\t<div class=\"elementor-element elementor-element-539c3d7 elementor-widget elementor-widget-image\" data-id=\"539c3d7\" data-element_type=\"widget\" data-e-type=\"widget\" data-widget_type=\"image.default\">\n\t\t\t\t<div class=\"elementor-widget-container\">\n\t\t\t\t\t\t\t\t\t\t\t\t\t\t\t<img decoding=\"async\" width=\"837\" height=\"1024\" src=\"https:\/\/weingut-dietzl.at\/home\/wp-content\/uploads\/2020\/12\/OmaGeorgWeingarten-837x1024.jpg\" class=\"attachment-large size-large wp-image-858\" alt=\"\" srcset=\"https:\/\/weingut-dietzl.at\/home\/wp-content\/uploads\/2020\/12\/OmaGeorgWeingarten-837x1024.jpg 837w, https:\/\/weingut-dietzl.at\/home\/wp-content\/uploads\/2020\/12\/OmaGeorgWeingarten-245x300.jpg 245w, https:\/\/weingut-dietzl.at\/home\/wp-content\/uploads\/2020\/12\/OmaGeorgWeingarten-768x940.jpg 768w, https:\/\/weingut-dietzl.at\/home\/wp-content\/uploads\/2020\/12\/OmaGeorgWeingarten-1255x1536.jpg 1255w, https:\/\/weingut-dietzl.at\/home\/wp-content\/uploads\/2020\/12\/OmaGeorgWeingarten.jpg 1257w\" sizes=\"(max-width: 837px) 100vw, 837px\" \/>\t\t\t\t\t\t\t\t\t\t\t\t\t\t\t<\/div>\n\t\t\t\t<\/div>\n\t\t\t\t\t<\/div>\n\t\t<\/div>\n\t\t\t\t\t<\/div>\n\t\t<\/section>\n\t\t\t\t<\/div>","protected":false},"excerpt":{"rendered":"<p>Facebook Unser Weingut befindet sich im Nordosten \u00d6sterreichs, genauer gesagt in Sierndorf an der March, im n\u00f6rdlichen Weinviertel an den Marchauen, wo schon die Kelten ihren Wein angebaut haben. Unser Heurigenlokal, ein wundersch\u00f6ner alter Arkadenhof, befindet sich im nahegelegenen Niederabsdorf. Das Weingut Wir sind ein Familienbetrieb, der auf die Produktion und Vermarktung hochqualitativer Weine bei&hellip;&nbsp;<a href=\"https:\/\/weingut-dietzl.at\/home\/en\/\" class=\"\" rel=\"bookmark\">ReadMore \u00bb<span class=\"screen-reader-text\">Home<\/span><\/a><\/p>","protected":false},"author":1,"featured_media":0,"parent":0,"menu_order":0,"comment_status":"closed","ping_status":"closed","template":"page-templates\/template-pagebuilder-full-width.php","meta":{"neve_meta_sidebar":"full-width","neve_meta_container":"","neve_meta_enable_content_width":"on","neve_meta_content_width":100,"neve_meta_title_alignment":"","neve_meta_author_avatar":"","neve_post_elements_order":"","neve_meta_disable_header":"","neve_meta_disable_footer":"","neve_meta_disable_title":"","footnotes":""},"class_list":["post-666","page","type-page","status-publish","hentry"],"_links":{"self":[{"href":"https:\/\/weingut-dietzl.at\/home\/en\/wp-json\/wp\/v2\/pages\/666","targetHints":{"allow":["GET"]}}],"collection":[{"href":"https:\/\/weingut-dietzl.at\/home\/en\/wp-json\/wp\/v2\/pages"}],"about":[{"href":"https:\/\/weingut-dietzl.at\/home\/en\/wp-json\/wp\/v2\/types\/page"}],"author":[{"embeddable":true,"href":"https:\/\/weingut-dietzl.at\/home\/en\/wp-json\/wp\/v2\/users\/1"}],"replies":[{"embeddable":true,"href":"https:\/\/weingut-dietzl.at\/home\/en\/wp-json\/wp\/v2\/comments?post=666"}],"version-history":[{"count":328,"href":"https:\/\/weingut-dietzl.at\/home\/en\/wp-json\/wp\/v2\/pages\/666\/revisions"}],"predecessor-version":[{"id":1778,"href":"https:\/\/weingut-dietzl.at\/home\/en\/wp-json\/wp\/v2\/pages\/666\/revisions\/1778"}],"wp:attachment":[{"href":"https:\/\/weingut-dietzl.at\/home\/en\/wp-json\/wp\/v2\/media?parent=666"}],"curies":[{"name":"wp","href":"https:\/\/api.w.org\/{rel}","templated":true}]}}