{"id":1233,"date":"2021-01-01T22:21:28","date_gmt":"2021-01-01T21:21:28","guid":{"rendered":"http:\/\/dietzl.uber.space\/home\/?page_id=1233"},"modified":"2023-03-12T10:31:17","modified_gmt":"2023-03-12T09:31:17","slug":"heuriger","status":"publish","type":"page","link":"https:\/\/weingut-dietzl.at\/home\/sk\/heuriger\/","title":{"rendered":"Heuriger"},"content":{"rendered":"<div data-elementor-type=\"wp-page\" data-elementor-id=\"1233\" class=\"elementor elementor-1233\">\n\t\t\t\t\t\t<section class=\"elementor-section elementor-top-section elementor-element elementor-element-7004a30 elementor-section-boxed elementor-section-height-default elementor-section-height-default\" data-id=\"7004a30\" data-element_type=\"section\" data-e-type=\"section\" data-settings=\"{&quot;background_background&quot;:&quot;classic&quot;}\">\n\t\t\t\t\t\t<div class=\"elementor-container elementor-column-gap-default\">\n\t\t\t\t\t<div class=\"elementor-column elementor-col-100 elementor-top-column elementor-element elementor-element-7897e71\" data-id=\"7897e71\" data-element_type=\"column\" data-e-type=\"column\">\n\t\t\t<div class=\"elementor-widget-wrap elementor-element-populated\">\n\t\t\t\t\t\t<div class=\"elementor-element elementor-element-958edfd e-grid-align-right elementor-shape-rounded elementor-grid-0 elementor-widget elementor-widget-social-icons\" data-id=\"958edfd\" data-element_type=\"widget\" data-e-type=\"widget\" data-widget_type=\"social-icons.default\">\n\t\t\t\t<div class=\"elementor-widget-container\">\n\t\t\t\t\t\t\t<div class=\"elementor-social-icons-wrapper elementor-grid\">\n\t\t\t\t\t\t\t<span class=\"elementor-grid-item\">\n\t\t\t\t\t<a class=\"elementor-icon elementor-social-icon elementor-social-icon-facebook elementor-repeater-item-965de07\" href=\"https:\/\/www.facebook.com\/weingutdietzl\" target=\"_blank\">\n\t\t\t\t\t\t<span class=\"elementor-screen-only\">Facebook<\/span>\n\t\t\t\t\t\t<i aria-hidden=\"true\" class=\"fab fa-facebook\"><\/i>\t\t\t\t\t<\/a>\n\t\t\t\t<\/span>\n\t\t\t\t\t<\/div>\n\t\t\t\t\t\t<\/div>\n\t\t\t\t<\/div>\n\t\t\t\t\t<\/div>\n\t\t<\/div>\n\t\t\t\t\t<\/div>\n\t\t<\/section>\n\t\t\t\t<section class=\"elementor-section elementor-top-section elementor-element elementor-element-ef62594 elementor-section-boxed elementor-section-height-default elementor-section-height-default\" data-id=\"ef62594\" data-element_type=\"section\" data-e-type=\"section\" data-settings=\"{&quot;background_background&quot;:&quot;classic&quot;}\">\n\t\t\t\t\t\t\t<div class=\"elementor-background-overlay\"><\/div>\n\t\t\t\t\t\t\t<div class=\"elementor-container elementor-column-gap-default\">\n\t\t\t\t\t<div class=\"elementor-column elementor-col-100 elementor-top-column elementor-element elementor-element-802c60f\" data-id=\"802c60f\" data-element_type=\"column\" data-e-type=\"column\">\n\t\t\t<div class=\"elementor-widget-wrap elementor-element-populated\">\n\t\t\t\t\t\t<div class=\"elementor-element elementor-element-db05534 elementor-widget elementor-widget-image\" data-id=\"db05534\" data-element_type=\"widget\" data-e-type=\"widget\" data-widget_type=\"image.default\">\n\t\t\t\t<div class=\"elementor-widget-container\">\n\t\t\t\t\t\t\t\t\t\t\t\t\t\t\t\t<a href=\"\/home\/sk\/\">\n\t\t\t\t\t\t\t<img decoding=\"async\" width=\"165\" height=\"300\" src=\"https:\/\/weingut-dietzl.at\/home\/wp-content\/uploads\/2020\/12\/WDLogo_Blue-165x300.jpg\" class=\"attachment-medium size-medium wp-image-682\" alt=\"\" srcset=\"https:\/\/weingut-dietzl.at\/home\/wp-content\/uploads\/2020\/12\/WDLogo_Blue-165x300.jpg 165w, https:\/\/weingut-dietzl.at\/home\/wp-content\/uploads\/2020\/12\/WDLogo_Blue.jpg 350w\" sizes=\"(max-width: 165px) 100vw, 165px\" \/>\t\t\t\t\t\t\t\t<\/a>\n\t\t\t\t\t\t\t\t\t\t\t\t\t\t\t<\/div>\n\t\t\t\t<\/div>\n\t\t\t\t\t<\/div>\n\t\t<\/div>\n\t\t\t\t\t<\/div>\n\t\t<\/section>\n\t\t\t\t<section class=\"elementor-section elementor-top-section elementor-element elementor-element-6d7a378 elementor-section-boxed elementor-section-height-default elementor-section-height-default\" data-id=\"6d7a378\" data-element_type=\"section\" data-e-type=\"section\">\n\t\t\t\t\t\t<div class=\"elementor-container elementor-column-gap-default\">\n\t\t\t\t\t<div class=\"elementor-column elementor-col-50 elementor-top-column elementor-element elementor-element-c24e199\" data-id=\"c24e199\" data-element_type=\"column\" data-e-type=\"column\">\n\t\t\t<div class=\"elementor-widget-wrap elementor-element-populated\">\n\t\t\t\t\t\t<div class=\"elementor-element elementor-element-7fb5b9b elementor-widget elementor-widget-image\" data-id=\"7fb5b9b\" data-element_type=\"widget\" data-e-type=\"widget\" data-widget_type=\"image.default\">\n\t\t\t\t<div class=\"elementor-widget-container\">\n\t\t\t\t\t\t\t\t\t\t\t\t\t\t\t\t<a href=\"https:\/\/www.top-heuriger.at\/a-heuriger-dietzl\" target=\"_blank\">\n\t\t\t\t\t\t\t<img fetchpriority=\"high\" decoding=\"async\" width=\"431\" height=\"150\" src=\"https:\/\/weingut-dietzl.at\/home\/wp-content\/uploads\/2022\/09\/topheuriger.png\" class=\"attachment-full size-full wp-image-1708\" alt=\"\" srcset=\"https:\/\/weingut-dietzl.at\/home\/wp-content\/uploads\/2022\/09\/topheuriger.png 431w, https:\/\/weingut-dietzl.at\/home\/wp-content\/uploads\/2022\/09\/topheuriger-300x104.png 300w\" sizes=\"(max-width: 431px) 100vw, 431px\" \/>\t\t\t\t\t\t\t\t<\/a>\n\t\t\t\t\t\t\t\t\t\t\t\t\t\t\t<\/div>\n\t\t\t\t<\/div>\n\t\t\t\t<div class=\"elementor-element elementor-element-c5d0e07 elementor-widget elementor-widget-heading\" data-id=\"c5d0e07\" data-element_type=\"widget\" data-e-type=\"widget\" data-widget_type=\"heading.default\">\n\t\t\t\t<div class=\"elementor-widget-container\">\n\t\t\t\t\t<h2 class=\"elementor-heading-title elementor-size-default\">... na starom ark\u00e1dovom n\u00e1dvor\u00ed<\/h2>\t\t\t\t<\/div>\n\t\t\t\t<\/div>\n\t\t\t\t<div class=\"elementor-element elementor-element-fb0a760 elementor-widget elementor-widget-text-editor\" data-id=\"fb0a760\" data-element_type=\"widget\" data-e-type=\"widget\" data-widget_type=\"text-editor.default\">\n\t\t\t\t<div class=\"elementor-widget-container\">\n\t\t\t\t\t\t\t\t\t<div data-block-type=\"2\">\n<div>\n<p style=\"white-space: pre-wrap;\">Na\u0161a vin\u00e1re\u0148 sa nach\u00e1dza v dlhodobom rodinnom Arkadenhof v Niederabsdorfe. Farma je v rodinnom vlastn\u00edctve od roku 1802 a pon\u00faka skuto\u010dne idylick\u00fa atmosf\u00e9ru s tienistou z\u00e1hradou pre host\u00ed, jej star\u00fdmi m\u00farmi a ark\u00e1dami. Z kulin\u00e1rskeho h\u013eadiska sa dr\u017e\u00edme tradi\u010dn\u00e9ho Heurigen pod\u00e1van\u00e9ho za studena \u2013 kuchyne, pe\u010diva a in\u00fdch sez\u00f3nnych poch\u00fa\u0165ok. Osobitn\u00fd v\u00fdznam pripisujeme marketingu na\u0161ich vlastn\u00fdch a region\u00e1lne vyroben\u00fdch potrav\u00edn.<\/p>\n<p style=\"white-space: pre-wrap;\">Na\u0161a re\u0161taur\u00e1cia m\u00e1 okolo 100 miest, vonkaj\u0161ia jed\u00e1le\u0148 okolo 180 a Heurigenstadl \u010fal\u0161\u00edch okolo 80 miest. Cvi\u010d\u00edme stolov\u00fa obsluhu.<\/p>\n\n<\/div>\n<\/div>\t\t\t\t\t\t\t\t<\/div>\n\t\t\t\t<\/div>\n\t\t\t\t<div class=\"elementor-element elementor-element-63198fa elementor-icon-list--layout-traditional elementor-list-item-link-full_width elementor-widget elementor-widget-icon-list\" data-id=\"63198fa\" data-element_type=\"widget\" data-e-type=\"widget\" data-widget_type=\"icon-list.default\">\n\t\t\t\t<div class=\"elementor-widget-container\">\n\t\t\t\t\t\t\t<ul class=\"elementor-icon-list-items\">\n\t\t\t\t\t\t\t<li class=\"elementor-icon-list-item\">\n\t\t\t\t\t\t\t\t\t\t\t<a href=\"\/home\/sk\/kontakt\/#heurigermap\">\n\n\t\t\t\t\t\t\t\t\t\t\t\t<span class=\"elementor-icon-list-icon\">\n\t\t\t\t\t\t\t<i aria-hidden=\"true\" class=\"fas fa-map-marker-alt\"><\/i>\t\t\t\t\t\t<\/span>\n\t\t\t\t\t\t\t\t\t\t<span class=\"elementor-icon-list-text\">Liechtensteinstrasse 10, 2272 Niederabsdorf<\/span>\n\t\t\t\t\t\t\t\t\t\t\t<\/a>\n\t\t\t\t\t\t\t\t\t<\/li>\n\t\t\t\t\t\t\t\t<li class=\"elementor-icon-list-item\">\n\t\t\t\t\t\t\t\t\t\t\t<a href=\"\/home\/sk\/kontakt\/#ausgsteckt\">\n\n\t\t\t\t\t\t\t\t\t\t\t\t<span class=\"elementor-icon-list-icon\">\n\t\t\t\t\t\t\t<i aria-hidden=\"true\" class=\"far fa-calendar-alt\"><\/i>\t\t\t\t\t\t<\/span>\n\t\t\t\t\t\t\t\t\t\t<span class=\"elementor-icon-list-text\">\u010dasy odp\u00e1jania<\/span>\n\t\t\t\t\t\t\t\t\t\t\t<\/a>\n\t\t\t\t\t\t\t\t\t<\/li>\n\t\t\t\t\t\t\t\t<li class=\"elementor-icon-list-item\">\n\t\t\t\t\t\t\t\t\t\t\t<a href=\"tel:+43%20699%2081642983\">\n\n\t\t\t\t\t\t\t\t\t\t\t\t<span class=\"elementor-icon-list-icon\">\n\t\t\t\t\t\t\t<i aria-hidden=\"true\" class=\"fas fa-phone\"><\/i>\t\t\t\t\t\t<\/span>\n\t\t\t\t\t\t\t\t\t\t<span class=\"elementor-icon-list-text\">Rezerv\u00e1cie (Tel, SMS, WhatsApp, Sign\u00e1l)<br>+43 699 816 42 983<\/span>\n\t\t\t\t\t\t\t\t\t\t\t<\/a>\n\t\t\t\t\t\t\t\t\t<\/li>\n\t\t\t\t\t\t<\/ul>\n\t\t\t\t\t\t<\/div>\n\t\t\t\t<\/div>\n\t\t\t\t\t<\/div>\n\t\t<\/div>\n\t\t\t\t<div class=\"elementor-column elementor-col-50 elementor-top-column elementor-element elementor-element-0d23170\" data-id=\"0d23170\" data-element_type=\"column\" data-e-type=\"column\">\n\t\t\t<div class=\"elementor-widget-wrap elementor-element-populated\">\n\t\t\t\t\t\t<div class=\"elementor-element elementor-element-1234a5e elementor-widget elementor-widget-image\" data-id=\"1234a5e\" data-element_type=\"widget\" data-e-type=\"widget\" data-widget_type=\"image.default\">\n\t\t\t\t<div class=\"elementor-widget-container\">\n\t\t\t\t\t\t\t\t\t\t\t\t\t\t\t<img decoding=\"async\" width=\"750\" height=\"507\" src=\"https:\/\/weingut-dietzl.at\/home\/wp-content\/uploads\/2021\/01\/Hof_Musikanten_darkerlower.jpg\" class=\"attachment-large size-large wp-image-1273\" alt=\"\" srcset=\"https:\/\/weingut-dietzl.at\/home\/wp-content\/uploads\/2021\/01\/Hof_Musikanten_darkerlower.jpg 750w, https:\/\/weingut-dietzl.at\/home\/wp-content\/uploads\/2021\/01\/Hof_Musikanten_darkerlower-300x203.jpg 300w\" sizes=\"(max-width: 750px) 100vw, 750px\" \/>\t\t\t\t\t\t\t\t\t\t\t\t\t\t\t<\/div>\n\t\t\t\t<\/div>\n\t\t\t\t\t<\/div>\n\t\t<\/div>\n\t\t\t\t\t<\/div>\n\t\t<\/section>\n\t\t\t\t<section class=\"elementor-section elementor-top-section elementor-element elementor-element-24b6d48 elementor-section-boxed elementor-section-height-default elementor-section-height-default\" data-id=\"24b6d48\" data-element_type=\"section\" data-e-type=\"section\" data-settings=\"{&quot;background_background&quot;:&quot;classic&quot;}\">\n\t\t\t\t\t\t\t<div class=\"elementor-background-overlay\"><\/div>\n\t\t\t\t\t\t\t<div class=\"elementor-container elementor-column-gap-default\">\n\t\t\t\t\t<div class=\"elementor-column elementor-col-50 elementor-top-column elementor-element elementor-element-ef4ad4c\" data-id=\"ef4ad4c\" data-element_type=\"column\" data-e-type=\"column\">\n\t\t\t<div class=\"elementor-widget-wrap elementor-element-populated\">\n\t\t\t\t\t\t<div class=\"elementor-element elementor-element-a78f4c6 elementor-widget elementor-widget-text-editor\" data-id=\"a78f4c6\" data-element_type=\"widget\" data-e-type=\"widget\" data-widget_type=\"text-editor.default\">\n\t\t\t\t<div class=\"elementor-widget-container\">\n\t\t\t\t\t\t\t\t\t<p>Tak\u00e1 buchta, placka,<br \/>oh, ke\u010f k\u00fdvaj\u00fa na moje podnebie,<br \/>potom, potom, potom je m\u00f4j de\u0148 hotov\u00fd.<\/p>\t\t\t\t\t\t\t\t<\/div>\n\t\t\t\t<\/div>\n\t\t\t\t\t<\/div>\n\t\t<\/div>\n\t\t\t\t<div class=\"elementor-column elementor-col-50 elementor-top-column elementor-element elementor-element-fe6e960\" data-id=\"fe6e960\" data-element_type=\"column\" data-e-type=\"column\">\n\t\t\t<div class=\"elementor-widget-wrap elementor-element-populated\">\n\t\t\t\t\t\t<div class=\"elementor-element elementor-element-1f4fb20 elementor-widget elementor-widget-text-editor\" data-id=\"1f4fb20\" data-element_type=\"widget\" data-e-type=\"widget\" data-widget_type=\"text-editor.default\">\n\t\t\t\t<div class=\"elementor-widget-container\">\n\t\t\t\t\t\t\t\t\t<p>Ach, a ak v drahom poh\u00e1ri<br \/>sm\u00fatok a sm\u00fatok kles\u00e1,<br \/>tak dobr\u00fa noc v\u0161etk\u00fdm!<\/p><p>Mozart, KV234<\/p>\t\t\t\t\t\t\t\t<\/div>\n\t\t\t\t<\/div>\n\t\t\t\t\t<\/div>\n\t\t<\/div>\n\t\t\t\t\t<\/div>\n\t\t<\/section>\n\t\t\t\t<section class=\"elementor-section elementor-top-section elementor-element elementor-element-b32be1a elementor-section-boxed elementor-section-height-default elementor-section-height-default\" data-id=\"b32be1a\" data-element_type=\"section\" data-e-type=\"section\">\n\t\t\t\t\t\t<div class=\"elementor-container elementor-column-gap-default\">\n\t\t\t\t\t<div class=\"elementor-column elementor-col-100 elementor-top-column elementor-element elementor-element-ca1d98b\" data-id=\"ca1d98b\" data-element_type=\"column\" data-e-type=\"column\">\n\t\t\t<div class=\"elementor-widget-wrap elementor-element-populated\">\n\t\t\t\t\t\t<section class=\"elementor-section elementor-inner-section elementor-element elementor-element-1b54f63 elementor-section-boxed elementor-section-height-default elementor-section-height-default\" data-id=\"1b54f63\" data-element_type=\"section\" data-e-type=\"section\">\n\t\t\t\t\t\t<div class=\"elementor-container elementor-column-gap-extended\">\n\t\t\t\t\t<div class=\"elementor-column elementor-col-25 elementor-inner-column elementor-element elementor-element-5600bdb\" data-id=\"5600bdb\" data-element_type=\"column\" data-e-type=\"column\">\n\t\t\t<div class=\"elementor-widget-wrap elementor-element-populated\">\n\t\t\t\t\t\t<div class=\"elementor-element elementor-element-d53587e animated-slow elementor-position-top elementor-invisible elementor-widget elementor-widget-image-box\" data-id=\"d53587e\" data-element_type=\"widget\" data-e-type=\"widget\" data-settings=\"{&quot;_animation&quot;:&quot;fadeInLeft&quot;}\" data-widget_type=\"image-box.default\">\n\t\t\t\t<div class=\"elementor-widget-container\">\n\t\t\t\t\t<div class=\"elementor-image-box-wrapper\"><figure class=\"elementor-image-box-img\"><img loading=\"lazy\" decoding=\"async\" width=\"1053\" height=\"1053\" src=\"https:\/\/weingut-dietzl.at\/home\/wp-content\/uploads\/2021\/01\/kuemmelgarniert.jpg\" class=\"attachment-full size-full wp-image-1444\" alt=\"\" srcset=\"https:\/\/weingut-dietzl.at\/home\/wp-content\/uploads\/2021\/01\/kuemmelgarniert.jpg 1053w, https:\/\/weingut-dietzl.at\/home\/wp-content\/uploads\/2021\/01\/kuemmelgarniert-300x300.jpg 300w, https:\/\/weingut-dietzl.at\/home\/wp-content\/uploads\/2021\/01\/kuemmelgarniert-1024x1024.jpg 1024w, https:\/\/weingut-dietzl.at\/home\/wp-content\/uploads\/2021\/01\/kuemmelgarniert-150x150.jpg 150w, https:\/\/weingut-dietzl.at\/home\/wp-content\/uploads\/2021\/01\/kuemmelgarniert-768x768.jpg 768w\" sizes=\"(max-width: 1053px) 100vw, 1053px\" \/><\/figure><div class=\"elementor-image-box-content\"><h6 class=\"elementor-image-box-title\">v\u00fddatn\u00fd<\/h6><p class=\"elementor-image-box-description\">Ozdoben\u00fd pe\u010denou rascou<\/p><\/div><\/div>\t\t\t\t<\/div>\n\t\t\t\t<\/div>\n\t\t\t\t\t<\/div>\n\t\t<\/div>\n\t\t\t\t<div class=\"elementor-column elementor-col-25 elementor-inner-column elementor-element elementor-element-5c85a6f\" data-id=\"5c85a6f\" data-element_type=\"column\" data-e-type=\"column\">\n\t\t\t<div class=\"elementor-widget-wrap elementor-element-populated\">\n\t\t\t\t\t\t<div class=\"elementor-element elementor-element-59f2a2a animated-slow elementor-position-top elementor-invisible elementor-widget elementor-widget-image-box\" data-id=\"59f2a2a\" data-element_type=\"widget\" data-e-type=\"widget\" data-settings=\"{&quot;_animation&quot;:&quot;fadeInUp&quot;}\" data-widget_type=\"image-box.default\">\n\t\t\t\t<div class=\"elementor-widget-container\">\n\t\t\t\t\t<div class=\"elementor-image-box-wrapper\"><figure class=\"elementor-image-box-img\"><img loading=\"lazy\" decoding=\"async\" width=\"2560\" height=\"2560\" src=\"https:\/\/weingut-dietzl.at\/home\/wp-content\/uploads\/2021\/01\/vegbrot-scaled.jpg\" class=\"attachment-full size-full wp-image-1448\" alt=\"\" srcset=\"https:\/\/weingut-dietzl.at\/home\/wp-content\/uploads\/2021\/01\/vegbrot-scaled.jpg 2560w, https:\/\/weingut-dietzl.at\/home\/wp-content\/uploads\/2021\/01\/vegbrot-300x300.jpg 300w, https:\/\/weingut-dietzl.at\/home\/wp-content\/uploads\/2021\/01\/vegbrot-1024x1024.jpg 1024w, https:\/\/weingut-dietzl.at\/home\/wp-content\/uploads\/2021\/01\/vegbrot-150x150.jpg 150w, https:\/\/weingut-dietzl.at\/home\/wp-content\/uploads\/2021\/01\/vegbrot-768x768.jpg 768w, https:\/\/weingut-dietzl.at\/home\/wp-content\/uploads\/2021\/01\/vegbrot-1536x1536.jpg 1536w, https:\/\/weingut-dietzl.at\/home\/wp-content\/uploads\/2021\/01\/vegbrot-2048x2048.jpg 2048w\" sizes=\"(max-width: 2560px) 100vw, 2560px\" \/><\/figure><div class=\"elementor-image-box-content\"><h6 class=\"elementor-image-box-title\">\u013eahk\u00fd<\/h6><p class=\"elementor-image-box-description\">Zeleninov\u00fd sendvi\u010d<\/p><\/div><\/div>\t\t\t\t<\/div>\n\t\t\t\t<\/div>\n\t\t\t\t\t<\/div>\n\t\t<\/div>\n\t\t\t\t<div class=\"elementor-column elementor-col-25 elementor-inner-column elementor-element elementor-element-51c6d9f\" data-id=\"51c6d9f\" data-element_type=\"column\" data-e-type=\"column\">\n\t\t\t<div class=\"elementor-widget-wrap elementor-element-populated\">\n\t\t\t\t\t\t<div class=\"elementor-element elementor-element-c5bbb0e animated-slow elementor-position-top elementor-invisible elementor-widget elementor-widget-image-box\" data-id=\"c5bbb0e\" data-element_type=\"widget\" data-e-type=\"widget\" data-settings=\"{&quot;_animation&quot;:&quot;fadeInDown&quot;,&quot;_animation_mobile&quot;:&quot;fadeInLeft&quot;}\" data-widget_type=\"image-box.default\">\n\t\t\t\t<div class=\"elementor-widget-container\">\n\t\t\t\t\t<div class=\"elementor-image-box-wrapper\"><figure class=\"elementor-image-box-img\"><img loading=\"lazy\" decoding=\"async\" width=\"977\" height=\"977\" src=\"https:\/\/weingut-dietzl.at\/home\/wp-content\/uploads\/2021\/01\/kardinal.jpg\" class=\"attachment-full size-full wp-image-1445\" alt=\"\" srcset=\"https:\/\/weingut-dietzl.at\/home\/wp-content\/uploads\/2021\/01\/kardinal.jpg 977w, https:\/\/weingut-dietzl.at\/home\/wp-content\/uploads\/2021\/01\/kardinal-300x300.jpg 300w, https:\/\/weingut-dietzl.at\/home\/wp-content\/uploads\/2021\/01\/kardinal-150x150.jpg 150w, https:\/\/weingut-dietzl.at\/home\/wp-content\/uploads\/2021\/01\/kardinal-768x768.jpg 768w\" sizes=\"(max-width: 977px) 100vw, 977px\" \/><\/figure><div class=\"elementor-image-box-content\"><h6 class=\"elementor-image-box-title\">Pre t\u00fdch, ktor\u00ed maj\u00fa chu\u0165 na sladk\u00e9<\/h6><p class=\"elementor-image-box-description\">Kardin\u00e1lne rezy s malinami<\/p><\/div><\/div>\t\t\t\t<\/div>\n\t\t\t\t<\/div>\n\t\t\t\t\t<\/div>\n\t\t<\/div>\n\t\t\t\t<div class=\"elementor-column elementor-col-25 elementor-inner-column elementor-element elementor-element-7306b23\" data-id=\"7306b23\" data-element_type=\"column\" data-e-type=\"column\">\n\t\t\t<div class=\"elementor-widget-wrap elementor-element-populated\">\n\t\t\t\t\t\t<div class=\"elementor-element elementor-element-1bf8de8 animated-slow elementor-position-top elementor-invisible elementor-widget elementor-widget-image-box\" data-id=\"1bf8de8\" data-element_type=\"widget\" data-e-type=\"widget\" data-settings=\"{&quot;_animation&quot;:&quot;fadeInRight&quot;}\" data-widget_type=\"image-box.default\">\n\t\t\t\t<div class=\"elementor-widget-container\">\n\t\t\t\t\t<div class=\"elementor-image-box-wrapper\"><figure class=\"elementor-image-box-img\"><img loading=\"lazy\" decoding=\"async\" width=\"2560\" height=\"2560\" src=\"https:\/\/weingut-dietzl.at\/home\/wp-content\/uploads\/2021\/01\/matjes-scaled.jpg\" class=\"attachment-full size-full wp-image-1454\" alt=\"\" srcset=\"https:\/\/weingut-dietzl.at\/home\/wp-content\/uploads\/2021\/01\/matjes-scaled.jpg 2560w, https:\/\/weingut-dietzl.at\/home\/wp-content\/uploads\/2021\/01\/matjes-300x300.jpg 300w, https:\/\/weingut-dietzl.at\/home\/wp-content\/uploads\/2021\/01\/matjes-1024x1024.jpg 1024w, https:\/\/weingut-dietzl.at\/home\/wp-content\/uploads\/2021\/01\/matjes-150x150.jpg 150w, https:\/\/weingut-dietzl.at\/home\/wp-content\/uploads\/2021\/01\/matjes-768x768.jpg 768w, https:\/\/weingut-dietzl.at\/home\/wp-content\/uploads\/2021\/01\/matjes-1536x1536.jpg 1536w, https:\/\/weingut-dietzl.at\/home\/wp-content\/uploads\/2021\/01\/matjes-2048x2048.jpg 2048w\" sizes=\"(max-width: 2560px) 100vw, 2560px\" \/><\/figure><div class=\"elementor-image-box-content\"><h6 class=\"elementor-image-box-title\">Sez\u00f3nne<\/h6><p class=\"elementor-image-box-description\">Matjes sle\u010f na p\u00f4st<\/p><\/div><\/div>\t\t\t\t<\/div>\n\t\t\t\t<\/div>\n\t\t\t\t\t<\/div>\n\t\t<\/div>\n\t\t\t\t\t<\/div>\n\t\t<\/section>\n\t\t\t\t\t<\/div>\n\t\t<\/div>\n\t\t\t\t\t<\/div>\n\t\t<\/section>\n\t\t\t\t<\/div>","protected":false},"excerpt":{"rendered":"<p>Facebook &#8230; im alten Arkadenhof Unser Heurigenlokal befindet sich im familieneigenen, alteingesessenen Arkadenhof in Niederabsdorf. Der Hof ist seit 1802 in Familienbesitz, und bietet mit dem schattigen Gastgarten, seinen alten Gem\u00e4uern und Arkadengang ein wahrhaft idyllisches Ambiente. Kulinarisch halten wir uns an traditionelle, kalt servierte Heurigen &#8211; K\u00fcche, Mehlspeisen und andere saisonale Schmankerln. Wir legen&hellip;&nbsp;<a href=\"https:\/\/weingut-dietzl.at\/home\/sk\/heuriger\/\" class=\"\" rel=\"bookmark\">\u010c\u00edta\u0165 viac &raquo;<span class=\"screen-reader-text\">Heuriger<\/span><\/a><\/p>","protected":false},"author":1,"featured_media":0,"parent":0,"menu_order":0,"comment_status":"closed","ping_status":"closed","template":"page-templates\/template-pagebuilder-full-width.php","meta":{"neve_meta_sidebar":"full-width","neve_meta_container":"","neve_meta_enable_content_width":"on","neve_meta_content_width":100,"neve_meta_title_alignment":"","neve_meta_author_avatar":"","neve_post_elements_order":"","neve_meta_disable_header":"","neve_meta_disable_footer":"","neve_meta_disable_title":"","footnotes":""},"class_list":["post-1233","page","type-page","status-publish","hentry"],"_links":{"self":[{"href":"https:\/\/weingut-dietzl.at\/home\/sk\/wp-json\/wp\/v2\/pages\/1233","targetHints":{"allow":["GET"]}}],"collection":[{"href":"https:\/\/weingut-dietzl.at\/home\/sk\/wp-json\/wp\/v2\/pages"}],"about":[{"href":"https:\/\/weingut-dietzl.at\/home\/sk\/wp-json\/wp\/v2\/types\/page"}],"author":[{"embeddable":true,"href":"https:\/\/weingut-dietzl.at\/home\/sk\/wp-json\/wp\/v2\/users\/1"}],"replies":[{"embeddable":true,"href":"https:\/\/weingut-dietzl.at\/home\/sk\/wp-json\/wp\/v2\/comments?post=1233"}],"version-history":[{"count":263,"href":"https:\/\/weingut-dietzl.at\/home\/sk\/wp-json\/wp\/v2\/pages\/1233\/revisions"}],"predecessor-version":[{"id":1789,"href":"https:\/\/weingut-dietzl.at\/home\/sk\/wp-json\/wp\/v2\/pages\/1233\/revisions\/1789"}],"wp:attachment":[{"href":"https:\/\/weingut-dietzl.at\/home\/sk\/wp-json\/wp\/v2\/media?parent=1233"}],"curies":[{"name":"wp","href":"https:\/\/api.w.org\/{rel}","templated":true}]}}