{"id":7,"date":"2020-12-05T14:31:47","date_gmt":"2020-12-05T13:31:47","guid":{"rendered":"http:\/\/dietzl.uber.space\/shop\/?page_id=7"},"modified":"2024-02-21T18:46:53","modified_gmt":"2024-02-21T17:46:53","slug":"warenkorb","status":"publish","type":"page","link":"https:\/\/weingut-dietzl.at\/shop\/en\/warenkorb\/","title":{"rendered":"Shopping cart"},"content":{"rendered":"<p>Here you can buy wines in boxes of 12 with no shipping costs (of course also mixed boxes).<br \/>F\u00fcr Lieferungen ausserhalb \u00d6sterreich verrechnen wir Versandkosten nur f\u00fcr den ersten Karton, alle weitere Kartons sind versandkostenfrei.<br \/>Wenn dir 12 Flaschen zuviel sind, kannst du auch einen einzelnen 6er Karton bestellen, allerdings mit Versandkosten.<br \/>For more than 6 bottles, we only send boxes of 12 (no combination of 12 AND 6 boxes).<br \/>We hand over the shipping to DPD, in Austria the delivery usually takes place on the second working day after receipt of the order.<br \/>Of course you can also buy or pick up wine directly from us at any time (tel. <a href=\"tel:+43 699 81642983\">+43 699 81642983<\/a>).<\/p>\n\n\n<!--\n<b>Nur bis Ostern: Gutscheincode \"ostern\" f\u00fcr -5% auf alle Bestellungen!<\/b>\n<br><br>\n-->\n\n\n\n\n\n\n<p><\/p>","protected":false},"excerpt":{"rendered":"<p>Du kannst hier versandkostenfrei Weine in 12er Kartons kaufen (nat\u00fcrlich auch gemischte Kartons).F\u00fcr Lieferungen ausserhalb \u00d6sterreich verrechnen wir Versandkosten nur f\u00fcr den ersten Karton, alle weitere Kartons sind versandkostenfrei.Wenn dir 12 Flaschen zuviel sind, kannst du auch einen einzelnen 6er Karton bestellen, allerdings mit Versandkosten.Bei \u00fcber 6 Flaschen versenden wir nur 12er Kartons (keine Kombination [&hellip;]<\/p>\n","protected":false},"author":1,"featured_media":0,"parent":0,"menu_order":0,"comment_status":"closed","ping_status":"closed","template":"","meta":{"_acf_changed":false,"footnotes":""},"acf":[],"_links":{"self":[{"href":"https:\/\/weingut-dietzl.at\/shop\/en\/wp-json\/wp\/v2\/pages\/7"}],"collection":[{"href":"https:\/\/weingut-dietzl.at\/shop\/en\/wp-json\/wp\/v2\/pages"}],"about":[{"href":"https:\/\/weingut-dietzl.at\/shop\/en\/wp-json\/wp\/v2\/types\/page"}],"author":[{"embeddable":true,"href":"https:\/\/weingut-dietzl.at\/shop\/en\/wp-json\/wp\/v2\/users\/1"}],"replies":[{"embeddable":true,"href":"https:\/\/weingut-dietzl.at\/shop\/en\/wp-json\/wp\/v2\/comments?post=7"}],"version-history":[{"count":30,"href":"https:\/\/weingut-dietzl.at\/shop\/en\/wp-json\/wp\/v2\/pages\/7\/revisions"}],"predecessor-version":[{"id":900,"href":"https:\/\/weingut-dietzl.at\/shop\/en\/wp-json\/wp\/v2\/pages\/7\/revisions\/900"}],"wp:attachment":[{"href":"https:\/\/weingut-dietzl.at\/shop\/en\/wp-json\/wp\/v2\/media?parent=7"}],"curies":[{"name":"wp","href":"https:\/\/api.w.org\/{rel}","templated":true}]}}