{"id":821,"date":"2024-02-02T18:05:02","date_gmt":"2024-02-02T17:05:02","guid":{"rendered":"https:\/\/weingut-dietzl.at\/shop\/?post_type=product&#038;p=821"},"modified":"2024-02-21T12:38:12","modified_gmt":"2024-02-21T11:38:12","slug":"gutschein-50-euro","status":"publish","type":"product","link":"https:\/\/weingut-dietzl.at\/shop\/en\/product\/gutschein-50-euro\/","title":{"rendered":"Gutschein 50 Euro"},"content":{"rendered":"<p>Dieser Gutschein kann in unserem Heurigenlokal in Niederabsdorf eingel\u00f6st werden. Der Download Link ist aktiv f\u00fcr 2 Monate. Druck den Gutschein zuhause selber aus, er ist unbefristet g\u00fcltig.<\/p>","protected":false},"excerpt":{"rendered":"<p>Dieser Gutschein kann in unserem Heurigenlokal in Niederabsdorf eingel\u00f6st werden. Unbefristet g\u00fcltig.<\/p>","protected":false},"featured_media":822,"template":"","meta":{"_acf_changed":false},"product_cat":[15],"product_tag":[],"acf":[],"_links":{"self":[{"href":"https:\/\/weingut-dietzl.at\/shop\/en\/wp-json\/wp\/v2\/product\/821"}],"collection":[{"href":"https:\/\/weingut-dietzl.at\/shop\/en\/wp-json\/wp\/v2\/product"}],"about":[{"href":"https:\/\/weingut-dietzl.at\/shop\/en\/wp-json\/wp\/v2\/types\/product"}],"wp:featuredmedia":[{"embeddable":true,"href":"https:\/\/weingut-dietzl.at\/shop\/en\/wp-json\/wp\/v2\/media\/822"}],"wp:attachment":[{"href":"https:\/\/weingut-dietzl.at\/shop\/en\/wp-json\/wp\/v2\/media?parent=821"}],"wp:term":[{"taxonomy":"product_cat","embeddable":true,"href":"https:\/\/weingut-dietzl.at\/shop\/en\/wp-json\/wp\/v2\/product_cat?post=821"},{"taxonomy":"product_tag","embeddable":true,"href":"https:\/\/weingut-dietzl.at\/shop\/en\/wp-json\/wp\/v2\/product_tag?post=821"}],"curies":[{"name":"wp","href":"https:\/\/api.w.org\/{rel}","templated":true}]}}