{"id":141,"date":"2020-12-05T23:50:13","date_gmt":"2020-12-05T22:50:13","guid":{"rendered":"http:\/\/dietzl.uber.space\/shop\/?product=gelber-muskateller-auslese-2015"},"modified":"2022-05-17T19:51:29","modified_gmt":"2022-05-17T17:51:29","slug":"muskatellerauslese","status":"publish","type":"product","link":"https:\/\/weingut-dietzl.at\/shop\/sk\/produkt\/muskatellerauslese\/","title":{"rendered":"Gelber Muskateller Auslese"},"content":{"rendered":"<p>Panensk\u00fd zber, jemn\u00fd t\u00f3n mu\u0161k\u00e1tov\u00e9ho orie\u0161ka, ale aj medov\u00fd mel\u00f3n, jemn\u00fd a kr\u00e9mov\u00fd v z\u00e1vere. AWC Vienna Gold.<\/p>","protected":false},"excerpt":{"rendered":"<p>Auslese 2015 sladk\u00fd (0,375 l)<\/p>","protected":false},"featured_media":223,"template":"","meta":{"_acf_changed":false},"product_cat":[22],"product_tag":[],"acf":[],"_links":{"self":[{"href":"https:\/\/weingut-dietzl.at\/shop\/sk\/wp-json\/wp\/v2\/product\/141"}],"collection":[{"href":"https:\/\/weingut-dietzl.at\/shop\/sk\/wp-json\/wp\/v2\/product"}],"about":[{"href":"https:\/\/weingut-dietzl.at\/shop\/sk\/wp-json\/wp\/v2\/types\/product"}],"wp:featuredmedia":[{"embeddable":true,"href":"https:\/\/weingut-dietzl.at\/shop\/sk\/wp-json\/wp\/v2\/media\/223"}],"wp:attachment":[{"href":"https:\/\/weingut-dietzl.at\/shop\/sk\/wp-json\/wp\/v2\/media?parent=141"}],"wp:term":[{"taxonomy":"product_cat","embeddable":true,"href":"https:\/\/weingut-dietzl.at\/shop\/sk\/wp-json\/wp\/v2\/product_cat?post=141"},{"taxonomy":"product_tag","embeddable":true,"href":"https:\/\/weingut-dietzl.at\/shop\/sk\/wp-json\/wp\/v2\/product_tag?post=141"}],"curies":[{"name":"wp","href":"https:\/\/api.w.org\/{rel}","templated":true}]}}