{"id":143,"date":"2020-12-05T23:50:15","date_gmt":"2020-12-05T22:50:15","guid":{"rendered":"http:\/\/dietzl.uber.space\/shop\/?product=cuvee-reserve-2016"},"modified":"2024-02-03T04:48:11","modified_gmt":"2024-02-03T03:48:11","slug":"cuveereserve","status":"publish","type":"product","link":"https:\/\/weingut-dietzl.at\/shop\/sk\/produkt\/cuveereserve\/","title":{"rendered":"Cuv\u00e9e Reserve"},"content":{"rendered":"<p>Vyroben\u00e9 z Blauburger a Zweigeltu, harmonick\u00e9 na podneb\u00ed, pod\u010diarknut\u00e9 subt\u00edlnym dubov\u00fdm drevom.<\/p>","protected":false},"excerpt":{"rendered":"<p>Akostn\u00e9 v\u00edno 2019 such\u00e9 (0,75 l)<\/p>","protected":false},"featured_media":219,"template":"","meta":{"_acf_changed":false},"product_cat":[19],"product_tag":[],"acf":[],"_links":{"self":[{"href":"https:\/\/weingut-dietzl.at\/shop\/sk\/wp-json\/wp\/v2\/product\/143"}],"collection":[{"href":"https:\/\/weingut-dietzl.at\/shop\/sk\/wp-json\/wp\/v2\/product"}],"about":[{"href":"https:\/\/weingut-dietzl.at\/shop\/sk\/wp-json\/wp\/v2\/types\/product"}],"wp:featuredmedia":[{"embeddable":true,"href":"https:\/\/weingut-dietzl.at\/shop\/sk\/wp-json\/wp\/v2\/media\/219"}],"wp:attachment":[{"href":"https:\/\/weingut-dietzl.at\/shop\/sk\/wp-json\/wp\/v2\/media?parent=143"}],"wp:term":[{"taxonomy":"product_cat","embeddable":true,"href":"https:\/\/weingut-dietzl.at\/shop\/sk\/wp-json\/wp\/v2\/product_cat?post=143"},{"taxonomy":"product_tag","embeddable":true,"href":"https:\/\/weingut-dietzl.at\/shop\/sk\/wp-json\/wp\/v2\/product_tag?post=143"}],"curies":[{"name":"wp","href":"https:\/\/api.w.org\/{rel}","templated":true}]}}