{"id":153,"date":"2020-12-05T23:50:19","date_gmt":"2020-12-05T22:50:19","guid":{"rendered":"http:\/\/dietzl.uber.space\/shop\/?product=rose-2019"},"modified":"2025-10-07T07:57:31","modified_gmt":"2025-10-07T05:57:31","slug":"rose","status":"publish","type":"product","link":"https:\/\/weingut-dietzl.at\/shop\/sk\/produkt\/rose\/","title":{"rendered":"Ros\u00e9 2023"},"content":{"rendered":"<p>\u0160umiv\u00fd Zweigelt - ros\u00e9, jasn\u00e1 v\u00f4\u0148a vi\u0161n\u00ed, jemn\u00e1 sladkos\u0165.<\/p>","protected":false},"excerpt":{"rendered":"<p>Qualit\u00e4tswein trocken (0,75 lt)<\/p>","protected":false},"featured_media":221,"template":"","meta":{"_acf_changed":false},"product_cat":[16],"product_tag":[],"acf":[],"_links":{"self":[{"href":"https:\/\/weingut-dietzl.at\/shop\/sk\/wp-json\/wp\/v2\/product\/153"}],"collection":[{"href":"https:\/\/weingut-dietzl.at\/shop\/sk\/wp-json\/wp\/v2\/product"}],"about":[{"href":"https:\/\/weingut-dietzl.at\/shop\/sk\/wp-json\/wp\/v2\/types\/product"}],"wp:featuredmedia":[{"embeddable":true,"href":"https:\/\/weingut-dietzl.at\/shop\/sk\/wp-json\/wp\/v2\/media\/221"}],"wp:attachment":[{"href":"https:\/\/weingut-dietzl.at\/shop\/sk\/wp-json\/wp\/v2\/media?parent=153"}],"wp:term":[{"taxonomy":"product_cat","embeddable":true,"href":"https:\/\/weingut-dietzl.at\/shop\/sk\/wp-json\/wp\/v2\/product_cat?post=153"},{"taxonomy":"product_tag","embeddable":true,"href":"https:\/\/weingut-dietzl.at\/shop\/sk\/wp-json\/wp\/v2\/product_tag?post=153"}],"curies":[{"name":"wp","href":"https:\/\/api.w.org\/{rel}","templated":true}]}}