{"id":154,"date":"2020-12-05T23:50:19","date_gmt":"2020-12-05T22:50:19","guid":{"rendered":"http:\/\/dietzl.uber.space\/shop\/?product=rudolf-von-habsburg-2015"},"modified":"2025-04-29T21:28:02","modified_gmt":"2025-04-29T19:28:02","slug":"rudolf-von-habsburg-2015","status":"publish","type":"product","link":"https:\/\/weingut-dietzl.at\/shop\/sk\/produkt\/rudolf-von-habsburg-2015\/","title":{"rendered":"Rudolf von Habsburg 2017"},"content":{"rendered":"<p>Zrel\u00e1 rezerva \u2013 Veltl\u00ednske zelen\u00e9, kr\u00e9mov\u00e9, pln\u00e9, komplexn\u00e9, sa skladovalo na kvase desa\u0165 mesiacov v mal\u00fdch dreven\u00fdch sudoch. AWC Gold.<\/p>","protected":false},"excerpt":{"rendered":"<p>Akostn\u00e9 v\u00edno ro\u010dn\u00edk 2015 such\u00e9 (0,75 l)<\/p>","protected":false},"featured_media":220,"template":"","meta":{"_acf_changed":false},"product_cat":[16],"product_tag":[],"acf":[],"_links":{"self":[{"href":"https:\/\/weingut-dietzl.at\/shop\/sk\/wp-json\/wp\/v2\/product\/154"}],"collection":[{"href":"https:\/\/weingut-dietzl.at\/shop\/sk\/wp-json\/wp\/v2\/product"}],"about":[{"href":"https:\/\/weingut-dietzl.at\/shop\/sk\/wp-json\/wp\/v2\/types\/product"}],"wp:featuredmedia":[{"embeddable":true,"href":"https:\/\/weingut-dietzl.at\/shop\/sk\/wp-json\/wp\/v2\/media\/220"}],"wp:attachment":[{"href":"https:\/\/weingut-dietzl.at\/shop\/sk\/wp-json\/wp\/v2\/media?parent=154"}],"wp:term":[{"taxonomy":"product_cat","embeddable":true,"href":"https:\/\/weingut-dietzl.at\/shop\/sk\/wp-json\/wp\/v2\/product_cat?post=154"},{"taxonomy":"product_tag","embeddable":true,"href":"https:\/\/weingut-dietzl.at\/shop\/sk\/wp-json\/wp\/v2\/product_tag?post=154"}],"curies":[{"name":"wp","href":"https:\/\/api.w.org\/{rel}","templated":true}]}}