{"id":155,"date":"2020-12-05T23:50:20","date_gmt":"2020-12-05T22:50:20","guid":{"rendered":"http:\/\/dietzl.uber.space\/shop\/?product=secco"},"modified":"2022-05-17T19:23:47","modified_gmt":"2022-05-17T17:23:47","slug":"secco","status":"publish","type":"product","link":"https:\/\/weingut-dietzl.at\/shop\/sk\/produkt\/secco\/","title":{"rendered":"Secco"},"content":{"rendered":"<p>\u0160umiv\u00e9 v\u00edno z vlastnej produkcie. Veltl\u00ednske zelen\u00e9 s n\u00e1dychom mu\u0161k\u00e1tu.<\/p>","protected":false},"excerpt":{"rendered":"<p>\u0160umiv\u00e9 v\u00edno such\u00e9 (0,75 l)<\/p>","protected":false},"featured_media":226,"template":"","meta":{"_acf_changed":false},"product_cat":[21],"product_tag":[],"acf":[],"_links":{"self":[{"href":"https:\/\/weingut-dietzl.at\/shop\/sk\/wp-json\/wp\/v2\/product\/155"}],"collection":[{"href":"https:\/\/weingut-dietzl.at\/shop\/sk\/wp-json\/wp\/v2\/product"}],"about":[{"href":"https:\/\/weingut-dietzl.at\/shop\/sk\/wp-json\/wp\/v2\/types\/product"}],"wp:featuredmedia":[{"embeddable":true,"href":"https:\/\/weingut-dietzl.at\/shop\/sk\/wp-json\/wp\/v2\/media\/226"}],"wp:attachment":[{"href":"https:\/\/weingut-dietzl.at\/shop\/sk\/wp-json\/wp\/v2\/media?parent=155"}],"wp:term":[{"taxonomy":"product_cat","embeddable":true,"href":"https:\/\/weingut-dietzl.at\/shop\/sk\/wp-json\/wp\/v2\/product_cat?post=155"},{"taxonomy":"product_tag","embeddable":true,"href":"https:\/\/weingut-dietzl.at\/shop\/sk\/wp-json\/wp\/v2\/product_tag?post=155"}],"curies":[{"name":"wp","href":"https:\/\/api.w.org\/{rel}","templated":true}]}}