{"id":157,"date":"2020-12-05T23:50:21","date_gmt":"2020-12-05T22:50:21","guid":{"rendered":"http:\/\/dietzl.uber.space\/shop\/?product=weinviertel-dac-altgebirge-2019"},"modified":"2025-04-29T21:27:20","modified_gmt":"2025-04-29T19:27:20","slug":"weinviertel-dac-evergreen","status":"publish","type":"product","link":"https:\/\/weingut-dietzl.at\/shop\/sk\/produkt\/weinviertel-dac-evergreen\/","title":{"rendered":"Weinviertel DAC &#8222;Evergreen&#8220; 2024"},"content":{"rendered":"<p>Vyzret\u00e9, svie\u017ee Veltl\u00ednske zelen\u00e9, pr\u00edjemn\u00e1 veltl\u00ednska chu\u0165 na podneb\u00ed.<\/p>","protected":false},"excerpt":{"rendered":"<p>Qualti\u00e4tswein trocken (0,75 lt)<\/p>","protected":false},"featured_media":208,"template":"","meta":{"_acf_changed":false},"product_cat":[16],"product_tag":[],"acf":[],"_links":{"self":[{"href":"https:\/\/weingut-dietzl.at\/shop\/sk\/wp-json\/wp\/v2\/product\/157"}],"collection":[{"href":"https:\/\/weingut-dietzl.at\/shop\/sk\/wp-json\/wp\/v2\/product"}],"about":[{"href":"https:\/\/weingut-dietzl.at\/shop\/sk\/wp-json\/wp\/v2\/types\/product"}],"wp:featuredmedia":[{"embeddable":true,"href":"https:\/\/weingut-dietzl.at\/shop\/sk\/wp-json\/wp\/v2\/media\/208"}],"wp:attachment":[{"href":"https:\/\/weingut-dietzl.at\/shop\/sk\/wp-json\/wp\/v2\/media?parent=157"}],"wp:term":[{"taxonomy":"product_cat","embeddable":true,"href":"https:\/\/weingut-dietzl.at\/shop\/sk\/wp-json\/wp\/v2\/product_cat?post=157"},{"taxonomy":"product_tag","embeddable":true,"href":"https:\/\/weingut-dietzl.at\/shop\/sk\/wp-json\/wp\/v2\/product_tag?post=157"}],"curies":[{"name":"wp","href":"https:\/\/api.w.org\/{rel}","templated":true}]}}