{"id":699,"date":"2023-01-17T08:34:21","date_gmt":"2023-01-17T07:34:21","guid":{"rendered":"https:\/\/weingut-dietzl.at\/shop\/?post_type=product&#038;p=699"},"modified":"2023-01-17T09:04:28","modified_gmt":"2023-01-17T08:04:28","slug":"habsburg-sekt","status":"publish","type":"product","link":"https:\/\/weingut-dietzl.at\/shop\/sk\/produkt\/habsburg-sekt\/","title":{"rendered":"Habsbursk\u00e9 \u0161umiv\u00e9 v\u00edno"},"content":{"rendered":"<p>Ve\u013ek\u00e1 rezerv\u00e1cia Pinot Noir, Veltl\u00ednske zelen\u00e9 a Rizling vla\u0161sk\u00fd (2017). Komplexn\u00e9, \u017elt\u00e9 jablko a zrel\u00e1 hru\u0161ka, jemn\u00e9 klin\u010deky. Harmonick\u00fd z\u00e1ver s jemnou perle\u0165ou.<\/p>","protected":false},"excerpt":{"rendered":"<p>Sekt brut \u2013 Ve\u013ek\u00e1 rezerva 2017 (0,75 l)<\/p>","protected":false},"featured_media":704,"template":"","meta":{"_acf_changed":false},"product_cat":[21],"product_tag":[],"acf":[],"_links":{"self":[{"href":"https:\/\/weingut-dietzl.at\/shop\/sk\/wp-json\/wp\/v2\/product\/699"}],"collection":[{"href":"https:\/\/weingut-dietzl.at\/shop\/sk\/wp-json\/wp\/v2\/product"}],"about":[{"href":"https:\/\/weingut-dietzl.at\/shop\/sk\/wp-json\/wp\/v2\/types\/product"}],"wp:featuredmedia":[{"embeddable":true,"href":"https:\/\/weingut-dietzl.at\/shop\/sk\/wp-json\/wp\/v2\/media\/704"}],"wp:attachment":[{"href":"https:\/\/weingut-dietzl.at\/shop\/sk\/wp-json\/wp\/v2\/media?parent=699"}],"wp:term":[{"taxonomy":"product_cat","embeddable":true,"href":"https:\/\/weingut-dietzl.at\/shop\/sk\/wp-json\/wp\/v2\/product_cat?post=699"},{"taxonomy":"product_tag","embeddable":true,"href":"https:\/\/weingut-dietzl.at\/shop\/sk\/wp-json\/wp\/v2\/product_tag?post=699"}],"curies":[{"name":"wp","href":"https:\/\/api.w.org\/{rel}","templated":true}]}}