{"id":765,"date":"2024-01-19T00:22:25","date_gmt":"2024-01-18T23:22:25","guid":{"rendered":"https:\/\/weingut-dietzl.at\/shop\/?post_type=product&#038;p=765"},"modified":"2025-12-18T10:24:49","modified_gmt":"2025-12-18T09:24:49","slug":"gutschein-10-euro","status":"publish","type":"product","link":"https:\/\/weingut-dietzl.at\/shop\/sk\/produkt\/gutschein-10-euro\/","title":{"rendered":"Gutschein 10 Euro"},"content":{"rendered":"<p>Dieser Gutschein kann in unserem Heurigenlokal in Niederabsdorf eingel\u00f6st werden. Der Download Link ist aktiv f\u00fcr 2 Monate. Druck den Gutschein zuhause selber aus, er ist unbefristet g\u00fcltig.<\/p>","protected":false},"excerpt":{"rendered":"<p>Dieser Gutschein kann in unserem Heurigenlokal in Niederabsdorf eingel\u00f6st werden. Unbefristet g\u00fcltig.<\/p>","protected":false},"featured_media":817,"template":"","meta":{"_acf_changed":false},"product_cat":[15],"product_tag":[],"acf":[],"_links":{"self":[{"href":"https:\/\/weingut-dietzl.at\/shop\/sk\/wp-json\/wp\/v2\/product\/765"}],"collection":[{"href":"https:\/\/weingut-dietzl.at\/shop\/sk\/wp-json\/wp\/v2\/product"}],"about":[{"href":"https:\/\/weingut-dietzl.at\/shop\/sk\/wp-json\/wp\/v2\/types\/product"}],"wp:featuredmedia":[{"embeddable":true,"href":"https:\/\/weingut-dietzl.at\/shop\/sk\/wp-json\/wp\/v2\/media\/817"}],"wp:attachment":[{"href":"https:\/\/weingut-dietzl.at\/shop\/sk\/wp-json\/wp\/v2\/media?parent=765"}],"wp:term":[{"taxonomy":"product_cat","embeddable":true,"href":"https:\/\/weingut-dietzl.at\/shop\/sk\/wp-json\/wp\/v2\/product_cat?post=765"},{"taxonomy":"product_tag","embeddable":true,"href":"https:\/\/weingut-dietzl.at\/shop\/sk\/wp-json\/wp\/v2\/product_tag?post=765"}],"curies":[{"name":"wp","href":"https:\/\/api.w.org\/{rel}","templated":true}]}}