{"id":811,"date":"2024-02-02T09:15:12","date_gmt":"2024-02-02T08:15:12","guid":{"rendered":"https:\/\/weingut-dietzl.at\/shop\/?post_type=product&#038;p=811"},"modified":"2024-02-21T12:39:08","modified_gmt":"2024-02-21T11:39:08","slug":"gutschein-20-euro","status":"publish","type":"product","link":"https:\/\/weingut-dietzl.at\/shop\/sk\/produkt\/gutschein-20-euro\/","title":{"rendered":"Gutschein 20 Euro"},"content":{"rendered":"<p>Dieser Gutschein kann in unserem Heurigenlokal in Niederabsdorf eingel\u00f6st werden. Der Download Link ist aktiv f\u00fcr 2 Monate. Druck den Gutschein zuhause selber aus, er ist unbefristet g\u00fcltig.<\/p>","protected":false},"excerpt":{"rendered":"<p>Dieser Gutschein kann in unserem Heurigenlokal in Niederabsdorf eingel\u00f6st werden. Unbefristet g\u00fcltig.<\/p>","protected":false},"featured_media":818,"template":"","meta":{"_acf_changed":false},"product_cat":[15],"product_tag":[],"acf":[],"_links":{"self":[{"href":"https:\/\/weingut-dietzl.at\/shop\/sk\/wp-json\/wp\/v2\/product\/811"}],"collection":[{"href":"https:\/\/weingut-dietzl.at\/shop\/sk\/wp-json\/wp\/v2\/product"}],"about":[{"href":"https:\/\/weingut-dietzl.at\/shop\/sk\/wp-json\/wp\/v2\/types\/product"}],"wp:featuredmedia":[{"embeddable":true,"href":"https:\/\/weingut-dietzl.at\/shop\/sk\/wp-json\/wp\/v2\/media\/818"}],"wp:attachment":[{"href":"https:\/\/weingut-dietzl.at\/shop\/sk\/wp-json\/wp\/v2\/media?parent=811"}],"wp:term":[{"taxonomy":"product_cat","embeddable":true,"href":"https:\/\/weingut-dietzl.at\/shop\/sk\/wp-json\/wp\/v2\/product_cat?post=811"},{"taxonomy":"product_tag","embeddable":true,"href":"https:\/\/weingut-dietzl.at\/shop\/sk\/wp-json\/wp\/v2\/product_tag?post=811"}],"curies":[{"name":"wp","href":"https:\/\/api.w.org\/{rel}","templated":true}]}}