{"id":79,"date":"2020-12-05T14:39:57","date_gmt":"2020-12-05T13:39:57","guid":{"rendered":"https:\/\/dietzl.uber.space\/shop\/?page_id=79"},"modified":"2023-03-01T21:41:58","modified_gmt":"2023-03-01T20:41:58","slug":"homepage","status":"publish","type":"page","link":"https:\/\/weingut-dietzl.at\/shop\/","title":{"rendered":"Willkommen"},"content":{"rendered":"\n<div class=\"wp-block-cover is-light\"><span aria-hidden=\"true\" class=\"wp-block-cover__gradient-background has-background-dim\"><\/span><img loading=\"lazy\" decoding=\"async\" width=\"1440\" height=\"883\" class=\"wp-block-cover__image-background wp-image-162\" alt=\"\" src=\"https:\/\/dietzl.uber.space\/shop\/wp-content\/uploads\/2020\/12\/homepage_Img.jpg\" data-object-fit=\"cover\" srcset=\"https:\/\/weingut-dietzl.at\/shop\/wp-content\/uploads\/2020\/12\/homepage_Img.jpg 1440w, https:\/\/weingut-dietzl.at\/shop\/wp-content\/uploads\/2020\/12\/homepage_Img-324x199.jpg 324w, https:\/\/weingut-dietzl.at\/shop\/wp-content\/uploads\/2020\/12\/homepage_Img-416x255.jpg 416w, https:\/\/weingut-dietzl.at\/shop\/wp-content\/uploads\/2020\/12\/homepage_Img-300x184.jpg 300w, https:\/\/weingut-dietzl.at\/shop\/wp-content\/uploads\/2020\/12\/homepage_Img-1024x628.jpg 1024w, https:\/\/weingut-dietzl.at\/shop\/wp-content\/uploads\/2020\/12\/homepage_Img-768x471.jpg 768w\" sizes=\"(max-width: 1440px) 100vw, 1440px\" \/><div class=\"wp-block-cover__inner-container is-layout-flow wp-block-cover-is-layout-flow\">\n<p class=\"has-text-align-center has-large-font-size\">Der beste Wein ist der, den man mit Freunden trinkt!<\/p>\n\n\n\n<div class=\"wp-block-button aligncenter\"><a class=\"wp-block-button__link\" href=\"https:\/\/weingut-dietzl.at\/shop\/products\">Jetzt Weine kaufen<\/a><\/div>\n<\/div><\/div>\n\n\n<ul>\n<li>Du kannst bei uns 24h lang Weine im One-Stop Weinshop <a href=\"https:\/\/www.google.com\/maps\/place\/VinoWinzig+24h+Dietzl+Weine\/@48.5128459,16.8852414,17z\/data=!3m1!4b1!4m5!3m4!1s0x476cdd2df3aec7e9:0x870e35c2d5660659!8m2!3d48.5128424!4d16.8874354\" target=\"_blank\" rel=\"noopener\">Vino Winzig <\/a>in Sierndorf kaufen.<\/li>\n<li>Weine kannst du bei uns nat\u00fcrlich auch w\u00e4hrend unserer <a href=\"https:\/\/dietzl.at\/home\/kontakt\/#ausgsteckt\" target=\"_blank\" rel=\"noopener\">Heurigen\u00f6ffnungszeiten<\/a> im Heurigenlokal erwerben.<\/li>\n<li>Eine Auswahl unseres Weinsortiments findest du im Weinverkaufs-Regal bei <a href=\"http:\/\/www.adeg-rein.at\/\" target=\"_blank\" rel=\"noopener noreferrer\">ADEG Rein<\/a> in Niederabsdorf, Hauptstrasse 39.<\/li>\n<\/ul>\n\n\n<h2 class=\"has-text-align-center wp-block-heading\" id=\"nach-kategorie-einkaufen\">Nach Kategorie einkaufen<\/h2>\n\n\n<div class=\"woocommerce columns-4\"><ul class=\"products columns-4\">\n<li class=\"product-category product first\">\n\t<a aria-label=\"Produktkategorie Weissweine und Ros\u00e9 besuchen\" href=\"https:\/\/weingut-dietzl.at\/shop\/produkt-kategorie\/weissweine\/\"><img decoding=\"async\" src=\"https:\/\/weingut-dietzl.at\/shop\/wp-content\/uploads\/2020\/12\/kategorie_weisswein-scaled-324x324.jpg\" alt=\"Weissweine und Ros\u00e9\" width=\"324\" height=\"\" srcset=\"https:\/\/weingut-dietzl.at\/shop\/wp-content\/uploads\/2020\/12\/kategorie_weisswein-scaled-324x324.jpg 324w, https:\/\/weingut-dietzl.at\/shop\/wp-content\/uploads\/2020\/12\/kategorie_weisswein-scaled-100x100.jpg 100w, https:\/\/weingut-dietzl.at\/shop\/wp-content\/uploads\/2020\/12\/kategorie_weisswein-scaled-416x416.jpg 416w, https:\/\/weingut-dietzl.at\/shop\/wp-content\/uploads\/2020\/12\/kategorie_weisswein-300x300.jpg 300w, https:\/\/weingut-dietzl.at\/shop\/wp-content\/uploads\/2020\/12\/kategorie_weisswein-1024x1024.jpg 1024w, https:\/\/weingut-dietzl.at\/shop\/wp-content\/uploads\/2020\/12\/kategorie_weisswein-150x150.jpg 150w, https:\/\/weingut-dietzl.at\/shop\/wp-content\/uploads\/2020\/12\/kategorie_weisswein-768x768.jpg 768w, https:\/\/weingut-dietzl.at\/shop\/wp-content\/uploads\/2020\/12\/kategorie_weisswein-1536x1536.jpg 1536w, https:\/\/weingut-dietzl.at\/shop\/wp-content\/uploads\/2020\/12\/kategorie_weisswein-2048x2048.jpg 2048w\" sizes=\"(max-width: 324px) 100vw, 324px\" \/>\t\t<h2 class=\"woocommerce-loop-category__title\">\n\t\t\tWeissweine und Ros\u00e9 <mark class=\"count\">(10)<\/mark>\t\t<\/h2>\n\t\t<\/a><\/li>\n<li class=\"product-category product\">\n\t<a aria-label=\"Produktkategorie Rotweine besuchen\" href=\"https:\/\/weingut-dietzl.at\/shop\/produkt-kategorie\/rotweine\/\"><img decoding=\"async\" src=\"https:\/\/weingut-dietzl.at\/shop\/wp-content\/uploads\/2020\/12\/kategorie_rotwein-324x324.jpg\" alt=\"Rotweine\" width=\"324\" height=\"\" srcset=\"https:\/\/weingut-dietzl.at\/shop\/wp-content\/uploads\/2020\/12\/kategorie_rotwein-324x324.jpg 324w, https:\/\/weingut-dietzl.at\/shop\/wp-content\/uploads\/2020\/12\/kategorie_rotwein-100x100.jpg 100w, https:\/\/weingut-dietzl.at\/shop\/wp-content\/uploads\/2020\/12\/kategorie_rotwein-416x416.jpg 416w, https:\/\/weingut-dietzl.at\/shop\/wp-content\/uploads\/2020\/12\/kategorie_rotwein-300x300.jpg 300w, https:\/\/weingut-dietzl.at\/shop\/wp-content\/uploads\/2020\/12\/kategorie_rotwein-150x150.jpg 150w, https:\/\/weingut-dietzl.at\/shop\/wp-content\/uploads\/2020\/12\/kategorie_rotwein.jpg 500w\" sizes=\"(max-width: 324px) 100vw, 324px\" \/>\t\t<h2 class=\"woocommerce-loop-category__title\">\n\t\t\tRotweine <mark class=\"count\">(3)<\/mark>\t\t<\/h2>\n\t\t<\/a><\/li>\n<li class=\"product-category product\">\n\t<a aria-label=\"Produktkategorie Schaumweine besuchen\" href=\"https:\/\/weingut-dietzl.at\/shop\/produkt-kategorie\/schaumweine\/\"><img decoding=\"async\" src=\"https:\/\/weingut-dietzl.at\/shop\/wp-content\/uploads\/2020\/12\/kategorie_sprudel-324x324.jpg\" alt=\"Schaumweine\" width=\"324\" height=\"\" srcset=\"https:\/\/weingut-dietzl.at\/shop\/wp-content\/uploads\/2020\/12\/kategorie_sprudel-324x324.jpg 324w, https:\/\/weingut-dietzl.at\/shop\/wp-content\/uploads\/2020\/12\/kategorie_sprudel-100x100.jpg 100w, https:\/\/weingut-dietzl.at\/shop\/wp-content\/uploads\/2020\/12\/kategorie_sprudel-416x416.jpg 416w, https:\/\/weingut-dietzl.at\/shop\/wp-content\/uploads\/2020\/12\/kategorie_sprudel-300x300.jpg 300w, https:\/\/weingut-dietzl.at\/shop\/wp-content\/uploads\/2020\/12\/kategorie_sprudel-150x150.jpg 150w, https:\/\/weingut-dietzl.at\/shop\/wp-content\/uploads\/2020\/12\/kategorie_sprudel.jpg 500w\" sizes=\"(max-width: 324px) 100vw, 324px\" \/>\t\t<h2 class=\"woocommerce-loop-category__title\">\n\t\t\tSchaumweine <mark class=\"count\">(2)<\/mark>\t\t<\/h2>\n\t\t<\/a><\/li>\n<li class=\"product-category product last\">\n\t<a aria-label=\"Produktkategorie Dessertweine besuchen\" href=\"https:\/\/weingut-dietzl.at\/shop\/produkt-kategorie\/dessertweine\/\"><img decoding=\"async\" src=\"https:\/\/weingut-dietzl.at\/shop\/wp-content\/uploads\/2020\/12\/kategorie_suesswein-324x324.jpg\" alt=\"Dessertweine\" width=\"324\" height=\"\" srcset=\"https:\/\/weingut-dietzl.at\/shop\/wp-content\/uploads\/2020\/12\/kategorie_suesswein-324x324.jpg 324w, https:\/\/weingut-dietzl.at\/shop\/wp-content\/uploads\/2020\/12\/kategorie_suesswein-100x100.jpg 100w, https:\/\/weingut-dietzl.at\/shop\/wp-content\/uploads\/2020\/12\/kategorie_suesswein-416x416.jpg 416w, https:\/\/weingut-dietzl.at\/shop\/wp-content\/uploads\/2020\/12\/kategorie_suesswein-300x300.jpg 300w, https:\/\/weingut-dietzl.at\/shop\/wp-content\/uploads\/2020\/12\/kategorie_suesswein-150x150.jpg 150w, https:\/\/weingut-dietzl.at\/shop\/wp-content\/uploads\/2020\/12\/kategorie_suesswein.jpg 500w\" sizes=\"(max-width: 324px) 100vw, 324px\" \/>\t\t<h2 class=\"woocommerce-loop-category__title\">\n\t\t\tDessertweine <mark class=\"count\">(3)<\/mark>\t\t<\/h2>\n\t\t<\/a><\/li>\n<li class=\"product-category product first\">\n\t<a aria-label=\"Produktkategorie Heurigen-Gutscheine besuchen\" href=\"https:\/\/weingut-dietzl.at\/shop\/produkt-kategorie\/gutscheine\/\"><img decoding=\"async\" src=\"https:\/\/weingut-dietzl.at\/shop\/wp-content\/uploads\/2024\/02\/GutscheinePic-324x324.jpg\" alt=\"Heurigen-Gutscheine\" width=\"324\" height=\"\" srcset=\"https:\/\/weingut-dietzl.at\/shop\/wp-content\/uploads\/2024\/02\/GutscheinePic-324x324.jpg 324w, https:\/\/weingut-dietzl.at\/shop\/wp-content\/uploads\/2024\/02\/GutscheinePic-300x300.jpg 300w, https:\/\/weingut-dietzl.at\/shop\/wp-content\/uploads\/2024\/02\/GutscheinePic-150x150.jpg 150w, https:\/\/weingut-dietzl.at\/shop\/wp-content\/uploads\/2024\/02\/GutscheinePic-12x12.jpg 12w, https:\/\/weingut-dietzl.at\/shop\/wp-content\/uploads\/2024\/02\/GutscheinePic-416x416.jpg 416w, https:\/\/weingut-dietzl.at\/shop\/wp-content\/uploads\/2024\/02\/GutscheinePic-100x100.jpg 100w, https:\/\/weingut-dietzl.at\/shop\/wp-content\/uploads\/2024\/02\/GutscheinePic.jpg 760w\" sizes=\"(max-width: 324px) 100vw, 324px\" \/>\t\t<h2 class=\"woocommerce-loop-category__title\">\n\t\t\tHeurigen-Gutscheine <mark class=\"count\">(5)<\/mark>\t\t<\/h2>\n\t\t<\/a><\/li>\n<\/ul>\n<\/div>\n\n\n","protected":false},"excerpt":{"rendered":"<p>Du kannst bei uns 24h lang Weine im One-Stop Weinshop Vino Winzig in Sierndorf kaufen. Weine kannst du bei uns nat\u00fcrlich auch w\u00e4hrend unserer Heurigen\u00f6ffnungszeiten im Heurigenlokal erwerben. Eine Auswahl unseres Weinsortiments findest du im Weinverkaufs-Regal bei ADEG Rein in Niederabsdorf, Hauptstrasse 39. Nach Kategorie einkaufen<\/p>\n","protected":false},"author":1,"featured_media":0,"parent":0,"menu_order":0,"comment_status":"closed","ping_status":"closed","template":"template-fullwidth.php","meta":{"_acf_changed":false,"footnotes":""},"acf":[],"_links":{"self":[{"href":"https:\/\/weingut-dietzl.at\/shop\/wp-json\/wp\/v2\/pages\/79"}],"collection":[{"href":"https:\/\/weingut-dietzl.at\/shop\/wp-json\/wp\/v2\/pages"}],"about":[{"href":"https:\/\/weingut-dietzl.at\/shop\/wp-json\/wp\/v2\/types\/page"}],"author":[{"embeddable":true,"href":"https:\/\/weingut-dietzl.at\/shop\/wp-json\/wp\/v2\/users\/1"}],"replies":[{"embeddable":true,"href":"https:\/\/weingut-dietzl.at\/shop\/wp-json\/wp\/v2\/comments?post=79"}],"version-history":[{"count":64,"href":"https:\/\/weingut-dietzl.at\/shop\/wp-json\/wp\/v2\/pages\/79\/revisions"}],"predecessor-version":[{"id":723,"href":"https:\/\/weingut-dietzl.at\/shop\/wp-json\/wp\/v2\/pages\/79\/revisions\/723"}],"wp:attachment":[{"href":"https:\/\/weingut-dietzl.at\/shop\/wp-json\/wp\/v2\/media?parent=79"}],"curies":[{"name":"wp","href":"https:\/\/api.w.org\/{rel}","templated":true}]}}