{"id":140,"date":"2020-12-05T23:50:11","date_gmt":"2020-12-05T22:50:11","guid":{"rendered":"http:\/\/dietzl.uber.space\/shop\/?product=chardonnay-trockenbeerenauslese-2015"},"modified":"2022-05-17T19:51:20","modified_gmt":"2022-05-17T17:51:20","slug":"chardonnaytba","status":"publish","type":"product","link":"https:\/\/weingut-dietzl.at\/shop\/produkt\/chardonnaytba\/","title":{"rendered":"Chardonnay Trockenbeerenauslese"},"content":{"rendered":"<p>W\u00fcrzige Aromen, dichte Frucht, unterst\u00fctzt von feiner S\u00e4ure, langer cremig-s\u00fc\u00dfer Abgang. AWC Vienna Gold.<\/p>\n","protected":false},"excerpt":{"rendered":"<p>Trockenbeerenauslese 2015 s\u00fc\u00df (0,375 lt)<\/p>\n","protected":false},"featured_media":225,"template":"","meta":{"_acf_changed":false},"product_cat":[22],"product_tag":[],"acf":[],"_links":{"self":[{"href":"https:\/\/weingut-dietzl.at\/shop\/wp-json\/wp\/v2\/product\/140"}],"collection":[{"href":"https:\/\/weingut-dietzl.at\/shop\/wp-json\/wp\/v2\/product"}],"about":[{"href":"https:\/\/weingut-dietzl.at\/shop\/wp-json\/wp\/v2\/types\/product"}],"wp:featuredmedia":[{"embeddable":true,"href":"https:\/\/weingut-dietzl.at\/shop\/wp-json\/wp\/v2\/media\/225"}],"wp:attachment":[{"href":"https:\/\/weingut-dietzl.at\/shop\/wp-json\/wp\/v2\/media?parent=140"}],"wp:term":[{"taxonomy":"product_cat","embeddable":true,"href":"https:\/\/weingut-dietzl.at\/shop\/wp-json\/wp\/v2\/product_cat?post=140"},{"taxonomy":"product_tag","embeddable":true,"href":"https:\/\/weingut-dietzl.at\/shop\/wp-json\/wp\/v2\/product_tag?post=140"}],"curies":[{"name":"wp","href":"https:\/\/api.w.org\/{rel}","templated":true}]}}