{"id":145,"date":"2020-12-05T23:50:16","date_gmt":"2020-12-05T22:50:16","guid":{"rendered":"http:\/\/dietzl.uber.space\/shop\/?product=chardonnay-selektion-2019"},"modified":"2025-04-29T21:31:09","modified_gmt":"2025-04-29T19:31:09","slug":"chardonnay","status":"publish","type":"product","link":"https:\/\/weingut-dietzl.at\/shop\/produkt\/chardonnay\/","title":{"rendered":"Chardonnay &#8222;Br\u00fcndl&#8220; 2024"},"content":{"rendered":"<p>Eleganter, leichtf\u00fc\u00dfiger Chardonnay, Apfel und Steinfr\u00fcchte, sehr trinkfreudig.<\/p>\n","protected":false},"excerpt":{"rendered":"<p>Qualit\u00e4tswein trocken (0,75 lt)<\/p>\n","protected":false},"featured_media":212,"template":"","meta":{"_acf_changed":false},"product_cat":[16],"product_tag":[],"acf":[],"_links":{"self":[{"href":"https:\/\/weingut-dietzl.at\/shop\/wp-json\/wp\/v2\/product\/145"}],"collection":[{"href":"https:\/\/weingut-dietzl.at\/shop\/wp-json\/wp\/v2\/product"}],"about":[{"href":"https:\/\/weingut-dietzl.at\/shop\/wp-json\/wp\/v2\/types\/product"}],"wp:featuredmedia":[{"embeddable":true,"href":"https:\/\/weingut-dietzl.at\/shop\/wp-json\/wp\/v2\/media\/212"}],"wp:attachment":[{"href":"https:\/\/weingut-dietzl.at\/shop\/wp-json\/wp\/v2\/media?parent=145"}],"wp:term":[{"taxonomy":"product_cat","embeddable":true,"href":"https:\/\/weingut-dietzl.at\/shop\/wp-json\/wp\/v2\/product_cat?post=145"},{"taxonomy":"product_tag","embeddable":true,"href":"https:\/\/weingut-dietzl.at\/shop\/wp-json\/wp\/v2\/product_tag?post=145"}],"curies":[{"name":"wp","href":"https:\/\/api.w.org\/{rel}","templated":true}]}}