{"id":147,"date":"2020-12-05T23:50:17","date_gmt":"2020-12-05T22:50:17","guid":{"rendered":"http:\/\/dietzl.uber.space\/shop\/?product=filou-2019"},"modified":"2025-04-29T21:29:33","modified_gmt":"2025-04-29T19:29:33","slug":"filou","status":"publish","type":"product","link":"https:\/\/weingut-dietzl.at\/shop\/produkt\/filou\/","title":{"rendered":"Filou 2024"},"content":{"rendered":"<p>Wunderbar saftige Cuv\u00e9e aus Welschriesling und Chardonnay, deutliche Rests\u00fc\u00dfe.<\/p>\n","protected":false},"excerpt":{"rendered":"<p>Qualit\u00e4tswein halbtrocken (0,75 lt)<\/p>\n","protected":false},"featured_media":216,"template":"","meta":{"_acf_changed":false},"product_cat":[16],"product_tag":[],"acf":[],"_links":{"self":[{"href":"https:\/\/weingut-dietzl.at\/shop\/wp-json\/wp\/v2\/product\/147"}],"collection":[{"href":"https:\/\/weingut-dietzl.at\/shop\/wp-json\/wp\/v2\/product"}],"about":[{"href":"https:\/\/weingut-dietzl.at\/shop\/wp-json\/wp\/v2\/types\/product"}],"wp:featuredmedia":[{"embeddable":true,"href":"https:\/\/weingut-dietzl.at\/shop\/wp-json\/wp\/v2\/media\/216"}],"wp:attachment":[{"href":"https:\/\/weingut-dietzl.at\/shop\/wp-json\/wp\/v2\/media?parent=147"}],"wp:term":[{"taxonomy":"product_cat","embeddable":true,"href":"https:\/\/weingut-dietzl.at\/shop\/wp-json\/wp\/v2\/product_cat?post=147"},{"taxonomy":"product_tag","embeddable":true,"href":"https:\/\/weingut-dietzl.at\/shop\/wp-json\/wp\/v2\/product_tag?post=147"}],"curies":[{"name":"wp","href":"https:\/\/api.w.org\/{rel}","templated":true}]}}