{"id":152,"date":"2020-12-05T23:50:19","date_gmt":"2020-12-05T22:50:19","guid":{"rendered":"http:\/\/dietzl.uber.space\/shop\/?product=rheinriesling-2019"},"modified":"2025-04-29T21:28:21","modified_gmt":"2025-04-29T19:28:21","slug":"riesling","status":"publish","type":"product","link":"https:\/\/weingut-dietzl.at\/shop\/produkt\/riesling\/","title":{"rendered":"Riesling &#8222;Royale&#8220; 2024"},"content":{"rendered":"<p>&#8222;K\u00f6nig der Weine&#8220;, feine Frucht, zarte jedoch deutliche Marille, animierende Rests\u00fc\u00dfe. N\u00d6 Landesweinkost Gold.<\/p>\n","protected":false},"excerpt":{"rendered":"<p>Qualit\u00e4tswein trocken (0,75 lt)<\/p>\n","protected":false},"featured_media":213,"template":"","meta":{"_acf_changed":false},"product_cat":[16],"product_tag":[],"acf":[],"_links":{"self":[{"href":"https:\/\/weingut-dietzl.at\/shop\/wp-json\/wp\/v2\/product\/152"}],"collection":[{"href":"https:\/\/weingut-dietzl.at\/shop\/wp-json\/wp\/v2\/product"}],"about":[{"href":"https:\/\/weingut-dietzl.at\/shop\/wp-json\/wp\/v2\/types\/product"}],"wp:featuredmedia":[{"embeddable":true,"href":"https:\/\/weingut-dietzl.at\/shop\/wp-json\/wp\/v2\/media\/213"}],"wp:attachment":[{"href":"https:\/\/weingut-dietzl.at\/shop\/wp-json\/wp\/v2\/media?parent=152"}],"wp:term":[{"taxonomy":"product_cat","embeddable":true,"href":"https:\/\/weingut-dietzl.at\/shop\/wp-json\/wp\/v2\/product_cat?post=152"},{"taxonomy":"product_tag","embeddable":true,"href":"https:\/\/weingut-dietzl.at\/shop\/wp-json\/wp\/v2\/product_tag?post=152"}],"curies":[{"name":"wp","href":"https:\/\/api.w.org\/{rel}","templated":true}]}}