{"id":153,"date":"2020-12-05T23:50:19","date_gmt":"2020-12-05T22:50:19","guid":{"rendered":"http:\/\/dietzl.uber.space\/shop\/?product=rose-2019"},"modified":"2025-10-07T07:57:31","modified_gmt":"2025-10-07T05:57:31","slug":"rose","status":"publish","type":"product","link":"https:\/\/weingut-dietzl.at\/shop\/produkt\/rose\/","title":{"rendered":"Ros\u00e9 2023"},"content":{"rendered":"<p>Ein prickelnder Zweigelt &#8211; Ros\u00e9, deutliches Weichselaroma, dezente S\u00fc\u00dfe.<\/p>\n","protected":false},"excerpt":{"rendered":"<p>Qualit\u00e4tswein trocken (0,75 lt)<\/p>\n","protected":false},"featured_media":221,"template":"","meta":{"_acf_changed":false},"product_cat":[16],"product_tag":[],"acf":[],"_links":{"self":[{"href":"https:\/\/weingut-dietzl.at\/shop\/wp-json\/wp\/v2\/product\/153"}],"collection":[{"href":"https:\/\/weingut-dietzl.at\/shop\/wp-json\/wp\/v2\/product"}],"about":[{"href":"https:\/\/weingut-dietzl.at\/shop\/wp-json\/wp\/v2\/types\/product"}],"wp:featuredmedia":[{"embeddable":true,"href":"https:\/\/weingut-dietzl.at\/shop\/wp-json\/wp\/v2\/media\/221"}],"wp:attachment":[{"href":"https:\/\/weingut-dietzl.at\/shop\/wp-json\/wp\/v2\/media?parent=153"}],"wp:term":[{"taxonomy":"product_cat","embeddable":true,"href":"https:\/\/weingut-dietzl.at\/shop\/wp-json\/wp\/v2\/product_cat?post=153"},{"taxonomy":"product_tag","embeddable":true,"href":"https:\/\/weingut-dietzl.at\/shop\/wp-json\/wp\/v2\/product_tag?post=153"}],"curies":[{"name":"wp","href":"https:\/\/api.w.org\/{rel}","templated":true}]}}