{"id":154,"date":"2020-12-05T23:50:19","date_gmt":"2020-12-05T22:50:19","guid":{"rendered":"http:\/\/dietzl.uber.space\/shop\/?product=rudolf-von-habsburg-2015"},"modified":"2025-04-29T21:28:02","modified_gmt":"2025-04-29T19:28:02","slug":"rudolf-von-habsburg-2015","status":"publish","type":"product","link":"https:\/\/weingut-dietzl.at\/shop\/produkt\/rudolf-von-habsburg-2015\/","title":{"rendered":"Rudolf von Habsburg 2017"},"content":{"rendered":"<p>Reifer Reserve &#8211; Gr\u00fcner Veltliner, cremig-f\u00fcllig, vielschichtig, wurde im kleinen Holzfa\u00df zehn Monate Hefe-gelagert. AWC Gold.<\/p>\n","protected":false},"excerpt":{"rendered":"<p>Qualit\u00e4tswein 2015 trocken (0,75 lt)<\/p>\n","protected":false},"featured_media":220,"template":"","meta":{"_acf_changed":false},"product_cat":[16],"product_tag":[],"acf":[],"_links":{"self":[{"href":"https:\/\/weingut-dietzl.at\/shop\/wp-json\/wp\/v2\/product\/154"}],"collection":[{"href":"https:\/\/weingut-dietzl.at\/shop\/wp-json\/wp\/v2\/product"}],"about":[{"href":"https:\/\/weingut-dietzl.at\/shop\/wp-json\/wp\/v2\/types\/product"}],"wp:featuredmedia":[{"embeddable":true,"href":"https:\/\/weingut-dietzl.at\/shop\/wp-json\/wp\/v2\/media\/220"}],"wp:attachment":[{"href":"https:\/\/weingut-dietzl.at\/shop\/wp-json\/wp\/v2\/media?parent=154"}],"wp:term":[{"taxonomy":"product_cat","embeddable":true,"href":"https:\/\/weingut-dietzl.at\/shop\/wp-json\/wp\/v2\/product_cat?post=154"},{"taxonomy":"product_tag","embeddable":true,"href":"https:\/\/weingut-dietzl.at\/shop\/wp-json\/wp\/v2\/product_tag?post=154"}],"curies":[{"name":"wp","href":"https:\/\/api.w.org\/{rel}","templated":true}]}}