{"id":699,"date":"2023-01-17T08:34:21","date_gmt":"2023-01-17T07:34:21","guid":{"rendered":"https:\/\/weingut-dietzl.at\/shop\/?post_type=product&#038;p=699"},"modified":"2023-01-17T09:04:28","modified_gmt":"2023-01-17T08:04:28","slug":"habsburg-sekt","status":"publish","type":"product","link":"https:\/\/weingut-dietzl.at\/shop\/produkt\/habsburg-sekt\/","title":{"rendered":"Habsburg-Sekt"},"content":{"rendered":"<p>Gro\u00dfe Reserve aus Pinot Noir, Gr\u00fcnem Veltliner und Welschriesling (2017). Vielschichtig, gelber Apfel und reife Brirne, dezente Gew\u00fcrznelken. Harmonischer Abgang, mit feiner Perlage.<\/p>\n","protected":false},"excerpt":{"rendered":"<p>Sekt brut &#8211; Gro\u00dfe Reserve 2017 (0,75 lt)<\/p>\n","protected":false},"featured_media":704,"template":"","meta":{"_acf_changed":false},"product_cat":[21],"product_tag":[],"acf":[],"_links":{"self":[{"href":"https:\/\/weingut-dietzl.at\/shop\/wp-json\/wp\/v2\/product\/699"}],"collection":[{"href":"https:\/\/weingut-dietzl.at\/shop\/wp-json\/wp\/v2\/product"}],"about":[{"href":"https:\/\/weingut-dietzl.at\/shop\/wp-json\/wp\/v2\/types\/product"}],"wp:featuredmedia":[{"embeddable":true,"href":"https:\/\/weingut-dietzl.at\/shop\/wp-json\/wp\/v2\/media\/704"}],"wp:attachment":[{"href":"https:\/\/weingut-dietzl.at\/shop\/wp-json\/wp\/v2\/media?parent=699"}],"wp:term":[{"taxonomy":"product_cat","embeddable":true,"href":"https:\/\/weingut-dietzl.at\/shop\/wp-json\/wp\/v2\/product_cat?post=699"},{"taxonomy":"product_tag","embeddable":true,"href":"https:\/\/weingut-dietzl.at\/shop\/wp-json\/wp\/v2\/product_tag?post=699"}],"curies":[{"name":"wp","href":"https:\/\/api.w.org\/{rel}","templated":true}]}}